{"id":670,"date":"2020-06-01T13:09:07","date_gmt":"2020-06-01T11:09:07","guid":{"rendered":"https:\/\/staging3.escapehunt.com\/fr\/?page_id=670"},"modified":"2023-06-29T10:14:13","modified_gmt":"2023-06-29T08:14:13","slug":"jeux-de-piste","status":"publish","type":"page","link":"https:\/\/staging3.escapehunt.com\/fr\/jeux-de-piste\/","title":{"rendered":"Jeux de piste"},"content":{"rendered":"<p>Red\u00e9couvrez votre ville de mani\u00e8re ludique et originale ou organisez une animation cl\u00e9 en main au coeur de votre \u00e9v\u00e9nement ou \u00e9tablissement.\u00a0Nos solutions sont 100% personnalisables et peuvent se configurer dans tout type de lieu, int\u00e9rieur ou ext\u00e9rieur.<\/p>\n<p>N&rsquo;h\u00e9sitez pas \u00e0 nous contacter pour plus d&rsquo;informations. <a href=\"mailto:france@escapehunt.com\">france@escapehunt.com<\/a><\/p>\n","protected":false},"excerpt":{"rendered":"<p>Red\u00e9couvrez votre ville de mani\u00e8re ludique et originale ou organisez une animation cl\u00e9 en main au coeur de votre \u00e9v\u00e9nement ou \u00e9tablissement.\u00a0Nos solutions sont 100% personnalisables et peuvent se configurer&hellip;<\/p>\n","protected":false},"author":62,"featured_media":0,"parent":0,"menu_order":0,"comment_status":"closed","ping_status":"closed","template":"templates\/template-flexible.php","meta":{"_acf_changed":false,"footnotes":""},"class_list":["post-670","page","type-page","status-publish","hentry"],"acf":{"custom_schema_json":""},"yoast_head":"<!-- This site is optimized with the Yoast SEO plugin v27.3 - https:\/\/yoast.com\/product\/yoast-seo-wordpress\/ -->\n<title>Jeux de piste - Escape Hunt France<\/title>\n<meta name=\"description\" content=\"Red\u00e9couvrez votre ville de mani\u00e8re ludique et originale ou organisez une animation cl\u00e9 en main au coeur de votre \u00e9v\u00e9nement ou \u00e9tablissement.\" \/>\n<meta name=\"robots\" content=\"noindex, follow, max-snippet:-1, max-image-preview:large, max-video-preview:-1\" \/>\n<meta property=\"og:locale\" content=\"fr_FR\" \/>\n<meta property=\"og:type\" content=\"article\" \/>\n<meta property=\"og:title\" content=\"Jeux de piste - Escape Hunt France\" \/>\n<meta property=\"og:description\" content=\"Red\u00e9couvrez votre ville de mani\u00e8re ludique et originale ou organisez une animation cl\u00e9 en main au coeur de votre \u00e9v\u00e9nement ou \u00e9tablissement.\" \/>\n<meta property=\"og:url\" content=\"https:\/\/escapehunt.com\/fr\/jeux-de-piste\/\" \/>\n<meta property=\"og:site_name\" content=\"France\" \/>\n<meta property=\"article:modified_time\" content=\"2023-06-29T08:14:13+00:00\" \/>\n<meta name=\"twitter:card\" content=\"summary_large_image\" \/>\n<meta name=\"twitter:label1\" content=\"Dur\u00e9e de lecture estim\u00e9e\" \/>\n\t<meta name=\"twitter:data1\" content=\"1 minute\" \/>\n<script type=\"application\/ld+json\" class=\"yoast-schema-graph\">{\"@context\":\"https:\\\/\\\/schema.org\",\"@graph\":[{\"@type\":\"WebPage\",\"@id\":\"https:\\\/\\\/escapehunt.com\\\/fr\\\/jeux-de-piste\\\/\",\"url\":\"https:\\\/\\\/escapehunt.com\\\/fr\\\/jeux-de-piste\\\/\",\"name\":\"Jeux de piste - Escape Hunt France\",\"isPartOf\":{\"@id\":\"https:\\\/\\\/escapehunt.com\\\/fr\\\/#website\"},\"datePublished\":\"2020-06-01T11:09:07+00:00\",\"dateModified\":\"2023-06-29T08:14:13+00:00\",\"description\":\"Red\u00e9couvrez votre ville de mani\u00e8re ludique et originale ou organisez une animation cl\u00e9 en main au coeur de votre \u00e9v\u00e9nement ou \u00e9tablissement.\",\"breadcrumb\":{\"@id\":\"https:\\\/\\\/escapehunt.com\\\/fr\\\/jeux-de-piste\\\/#breadcrumb\"},\"inLanguage\":\"fr-FR\",\"potentialAction\":[{\"@type\":\"ReadAction\",\"target\":[\"https:\\\/\\\/escapehunt.com\\\/fr\\\/jeux-de-piste\\\/\"]}]},{\"@type\":\"BreadcrumbList\",\"@id\":\"https:\\\/\\\/escapehunt.com\\\/fr\\\/jeux-de-piste\\\/#breadcrumb\",\"itemListElement\":[{\"@type\":\"ListItem\",\"position\":1,\"name\":\"Home\",\"item\":\"https:\\\/\\\/escapehunt.com\\\/fr\\\/\"},{\"@type\":\"ListItem\",\"position\":2,\"name\":\"Jeux de piste\"}]},{\"@type\":\"WebSite\",\"@id\":\"https:\\\/\\\/escapehunt.com\\\/fr\\\/#website\",\"url\":\"https:\\\/\\\/escapehunt.com\\\/fr\\\/\",\"name\":\"France\",\"description\":\"\",\"potentialAction\":[{\"@type\":\"SearchAction\",\"target\":{\"@type\":\"EntryPoint\",\"urlTemplate\":\"https:\\\/\\\/escapehunt.com\\\/fr\\\/?s={search_term_string}\"},\"query-input\":{\"@type\":\"PropertyValueSpecification\",\"valueRequired\":true,\"valueName\":\"search_term_string\"}}],\"inLanguage\":\"fr-FR\"}]}<\/script>\n<!-- \/ Yoast SEO plugin. -->","yoast_head_json":{"title":"Jeux de piste - Escape Hunt France","description":"Red\u00e9couvrez votre ville de mani\u00e8re ludique et originale ou organisez une animation cl\u00e9 en main au coeur de votre \u00e9v\u00e9nement ou \u00e9tablissement.","robots":{"index":"noindex","follow":"follow","max-snippet":"max-snippet:-1","max-image-preview":"max-image-preview:large","max-video-preview":"max-video-preview:-1"},"og_locale":"fr_FR","og_type":"article","og_title":"Jeux de piste - Escape Hunt France","og_description":"Red\u00e9couvrez votre ville de mani\u00e8re ludique et originale ou organisez une animation cl\u00e9 en main au coeur de votre \u00e9v\u00e9nement ou \u00e9tablissement.","og_url":"https:\/\/escapehunt.com\/fr\/jeux-de-piste\/","og_site_name":"France","article_modified_time":"2023-06-29T08:14:13+00:00","twitter_card":"summary_large_image","twitter_misc":{"Dur\u00e9e de lecture estim\u00e9e":"1 minute"},"schema":{"@context":"https:\/\/schema.org","@graph":[{"@type":"WebPage","@id":"https:\/\/escapehunt.com\/fr\/jeux-de-piste\/","url":"https:\/\/escapehunt.com\/fr\/jeux-de-piste\/","name":"Jeux de piste - Escape Hunt France","isPartOf":{"@id":"https:\/\/escapehunt.com\/fr\/#website"},"datePublished":"2020-06-01T11:09:07+00:00","dateModified":"2023-06-29T08:14:13+00:00","description":"Red\u00e9couvrez votre ville de mani\u00e8re ludique et originale ou organisez une animation cl\u00e9 en main au coeur de votre \u00e9v\u00e9nement ou \u00e9tablissement.","breadcrumb":{"@id":"https:\/\/escapehunt.com\/fr\/jeux-de-piste\/#breadcrumb"},"inLanguage":"fr-FR","potentialAction":[{"@type":"ReadAction","target":["https:\/\/escapehunt.com\/fr\/jeux-de-piste\/"]}]},{"@type":"BreadcrumbList","@id":"https:\/\/escapehunt.com\/fr\/jeux-de-piste\/#breadcrumb","itemListElement":[{"@type":"ListItem","position":1,"name":"Home","item":"https:\/\/escapehunt.com\/fr\/"},{"@type":"ListItem","position":2,"name":"Jeux de piste"}]},{"@type":"WebSite","@id":"https:\/\/escapehunt.com\/fr\/#website","url":"https:\/\/escapehunt.com\/fr\/","name":"France","description":"","potentialAction":[{"@type":"SearchAction","target":{"@type":"EntryPoint","urlTemplate":"https:\/\/escapehunt.com\/fr\/?s={search_term_string}"},"query-input":{"@type":"PropertyValueSpecification","valueRequired":true,"valueName":"search_term_string"}}],"inLanguage":"fr-FR"}]}},"custom_schema_json":"","_links":{"self":[{"href":"https:\/\/staging3.escapehunt.com\/fr\/wp-json\/wp\/v2\/pages\/670","targetHints":{"allow":["GET"]}}],"collection":[{"href":"https:\/\/staging3.escapehunt.com\/fr\/wp-json\/wp\/v2\/pages"}],"about":[{"href":"https:\/\/staging3.escapehunt.com\/fr\/wp-json\/wp\/v2\/types\/page"}],"author":[{"embeddable":true,"href":"https:\/\/staging3.escapehunt.com\/fr\/wp-json\/wp\/v2\/users\/62"}],"replies":[{"embeddable":true,"href":"https:\/\/staging3.escapehunt.com\/fr\/wp-json\/wp\/v2\/comments?post=670"}],"version-history":[{"count":0,"href":"https:\/\/staging3.escapehunt.com\/fr\/wp-json\/wp\/v2\/pages\/670\/revisions"}],"wp:attachment":[{"href":"https:\/\/staging3.escapehunt.com\/fr\/wp-json\/wp\/v2\/media?parent=670"}],"curies":[{"name":"wp","href":"https:\/\/api.w.org\/{rel}","templated":true}]}}