{"id":153,"date":"2018-08-03T09:11:27","date_gmt":"2018-08-03T09:11:27","guid":{"rendered":"http:\/\/s27835.p712.sites.pressdns.com\/no\/oslo\/?page_id=153"},"modified":"2022-06-22T16:57:34","modified_gmt":"2022-06-22T14:57:34","slug":"teambuilding-og-bedriftsarrangementer","status":"publish","type":"page","link":"https:\/\/staging3.escapehunt.com\/no\/bergen\/teambuilding-og-bedriftsarrangementer\/","title":{"rendered":"TEAMBUILDING OG BEDRIFTS- ARRANGEMENTER"},"content":{"rendered":"<p>Escape Hunt er ypperlig for bedrifter. V\u00e5re fantastiske eventyr er perfekt for \u00e5 bygge lagmoral, inspirere til kreativ probleml\u00f8sning, runde av en lang dag med m\u00f8ter og presentasjoner eller bel\u00f8nne de ansatte for god innsats.<\/p>\n","protected":false},"excerpt":{"rendered":"<p>Escape Hunt er ypperlig for bedrifter. V\u00e5re fantastiske eventyr er perfekt for \u00e5 bygge lagmoral, inspirere til kreativ probleml\u00f8sning, runde av en lang dag med m\u00f8ter og presentasjoner eller bel\u00f8nne&hellip;<\/p>\n","protected":false},"author":19,"featured_media":0,"parent":0,"menu_order":0,"comment_status":"closed","ping_status":"closed","template":"views\/team-building.php","meta":{"_acf_changed":false,"footnotes":""},"class_list":["post-153","page","type-page","status-publish","hentry"],"acf":{"custom_schema_json":""},"yoast_head":"<!-- This site is optimized with the Yoast SEO plugin v27.3 - https:\/\/yoast.com\/product\/yoast-seo-wordpress\/ -->\n<title>TEAMBUILDING OG BEDRIFTS- ARRANGEMENTER - Bergen<\/title>\n<meta name=\"robots\" content=\"noindex, follow, max-snippet:-1, max-image-preview:large, max-video-preview:-1\" \/>\n<meta property=\"og:locale\" content=\"nb_NO\" \/>\n<meta property=\"og:type\" content=\"article\" \/>\n<meta property=\"og:title\" content=\"TEAMBUILDING OG BEDRIFTS- ARRANGEMENTER - Bergen\" \/>\n<meta property=\"og:description\" content=\"Escape Hunt er ypperlig for bedrifter. V\u00e5re fantastiske eventyr er perfekt for \u00e5 bygge lagmoral, inspirere til kreativ probleml\u00f8sning, runde av en lang dag med m\u00f8ter og presentasjoner eller bel\u00f8nne&hellip;\" \/>\n<meta property=\"og:url\" content=\"https:\/\/escapehunt.com\/no\/bergen\/teambuilding-og-bedriftsarrangementer\/\" \/>\n<meta property=\"og:site_name\" content=\"Bergen\" \/>\n<meta property=\"article:modified_time\" content=\"2022-06-22T14:57:34+00:00\" \/>\n<meta name=\"twitter:card\" content=\"summary_large_image\" \/>\n<script type=\"application\/ld+json\" class=\"yoast-schema-graph\">{\"@context\":\"https:\\\/\\\/schema.org\",\"@graph\":[{\"@type\":\"WebPage\",\"@id\":\"https:\\\/\\\/escapehunt.com\\\/no\\\/bergen\\\/teambuilding-og-bedriftsarrangementer\\\/\",\"url\":\"https:\\\/\\\/escapehunt.com\\\/no\\\/bergen\\\/teambuilding-og-bedriftsarrangementer\\\/\",\"name\":\"TEAMBUILDING OG BEDRIFTS- ARRANGEMENTER - Bergen\",\"isPartOf\":{\"@id\":\"https:\\\/\\\/escapehunt.com\\\/no\\\/bergen\\\/#website\"},\"datePublished\":\"2018-08-03T09:11:27+00:00\",\"dateModified\":\"2022-06-22T14:57:34+00:00\",\"breadcrumb\":{\"@id\":\"https:\\\/\\\/escapehunt.com\\\/no\\\/bergen\\\/teambuilding-og-bedriftsarrangementer\\\/#breadcrumb\"},\"inLanguage\":\"nb-NO\",\"potentialAction\":[{\"@type\":\"ReadAction\",\"target\":[\"https:\\\/\\\/escapehunt.com\\\/no\\\/bergen\\\/teambuilding-og-bedriftsarrangementer\\\/\"]}]},{\"@type\":\"BreadcrumbList\",\"@id\":\"https:\\\/\\\/escapehunt.com\\\/no\\\/bergen\\\/teambuilding-og-bedriftsarrangementer\\\/#breadcrumb\",\"itemListElement\":[{\"@type\":\"ListItem\",\"position\":1,\"name\":\"Home\",\"item\":\"https:\\\/\\\/escapehunt.com\\\/no\\\/bergen\\\/\"},{\"@type\":\"ListItem\",\"position\":2,\"name\":\"TEAMBUILDING OG BEDRIFTS- ARRANGEMENTER\"}]},{\"@type\":\"WebSite\",\"@id\":\"https:\\\/\\\/escapehunt.com\\\/no\\\/bergen\\\/#website\",\"url\":\"https:\\\/\\\/escapehunt.com\\\/no\\\/bergen\\\/\",\"name\":\"Bergen\",\"description\":\"Escape Hunt Bergen - Bergen&#039;s Most Exciting Escape Room Experience\",\"potentialAction\":[{\"@type\":\"SearchAction\",\"target\":{\"@type\":\"EntryPoint\",\"urlTemplate\":\"https:\\\/\\\/escapehunt.com\\\/no\\\/bergen\\\/?s={search_term_string}\"},\"query-input\":{\"@type\":\"PropertyValueSpecification\",\"valueRequired\":true,\"valueName\":\"search_term_string\"}}],\"inLanguage\":\"nb-NO\"}]}<\/script>\n<!-- \/ Yoast SEO plugin. -->","yoast_head_json":{"title":"TEAMBUILDING OG BEDRIFTS- ARRANGEMENTER - Bergen","robots":{"index":"noindex","follow":"follow","max-snippet":"max-snippet:-1","max-image-preview":"max-image-preview:large","max-video-preview":"max-video-preview:-1"},"og_locale":"nb_NO","og_type":"article","og_title":"TEAMBUILDING OG BEDRIFTS- ARRANGEMENTER - Bergen","og_description":"Escape Hunt er ypperlig for bedrifter. V\u00e5re fantastiske eventyr er perfekt for \u00e5 bygge lagmoral, inspirere til kreativ probleml\u00f8sning, runde av en lang dag med m\u00f8ter og presentasjoner eller bel\u00f8nne&hellip;","og_url":"https:\/\/escapehunt.com\/no\/bergen\/teambuilding-og-bedriftsarrangementer\/","og_site_name":"Bergen","article_modified_time":"2022-06-22T14:57:34+00:00","twitter_card":"summary_large_image","schema":{"@context":"https:\/\/schema.org","@graph":[{"@type":"WebPage","@id":"https:\/\/escapehunt.com\/no\/bergen\/teambuilding-og-bedriftsarrangementer\/","url":"https:\/\/escapehunt.com\/no\/bergen\/teambuilding-og-bedriftsarrangementer\/","name":"TEAMBUILDING OG BEDRIFTS- ARRANGEMENTER - Bergen","isPartOf":{"@id":"https:\/\/escapehunt.com\/no\/bergen\/#website"},"datePublished":"2018-08-03T09:11:27+00:00","dateModified":"2022-06-22T14:57:34+00:00","breadcrumb":{"@id":"https:\/\/escapehunt.com\/no\/bergen\/teambuilding-og-bedriftsarrangementer\/#breadcrumb"},"inLanguage":"nb-NO","potentialAction":[{"@type":"ReadAction","target":["https:\/\/escapehunt.com\/no\/bergen\/teambuilding-og-bedriftsarrangementer\/"]}]},{"@type":"BreadcrumbList","@id":"https:\/\/escapehunt.com\/no\/bergen\/teambuilding-og-bedriftsarrangementer\/#breadcrumb","itemListElement":[{"@type":"ListItem","position":1,"name":"Home","item":"https:\/\/escapehunt.com\/no\/bergen\/"},{"@type":"ListItem","position":2,"name":"TEAMBUILDING OG BEDRIFTS- ARRANGEMENTER"}]},{"@type":"WebSite","@id":"https:\/\/escapehunt.com\/no\/bergen\/#website","url":"https:\/\/escapehunt.com\/no\/bergen\/","name":"Bergen","description":"Escape Hunt Bergen - Bergen&#039;s Most Exciting Escape Room Experience","potentialAction":[{"@type":"SearchAction","target":{"@type":"EntryPoint","urlTemplate":"https:\/\/escapehunt.com\/no\/bergen\/?s={search_term_string}"},"query-input":{"@type":"PropertyValueSpecification","valueRequired":true,"valueName":"search_term_string"}}],"inLanguage":"nb-NO"}]}},"custom_schema_json":"","_links":{"self":[{"href":"https:\/\/staging3.escapehunt.com\/no\/bergen\/wp-json\/wp\/v2\/pages\/153","targetHints":{"allow":["GET"]}}],"collection":[{"href":"https:\/\/staging3.escapehunt.com\/no\/bergen\/wp-json\/wp\/v2\/pages"}],"about":[{"href":"https:\/\/staging3.escapehunt.com\/no\/bergen\/wp-json\/wp\/v2\/types\/page"}],"author":[{"embeddable":true,"href":"https:\/\/staging3.escapehunt.com\/no\/bergen\/wp-json\/wp\/v2\/users\/19"}],"replies":[{"embeddable":true,"href":"https:\/\/staging3.escapehunt.com\/no\/bergen\/wp-json\/wp\/v2\/comments?post=153"}],"version-history":[{"count":0,"href":"https:\/\/staging3.escapehunt.com\/no\/bergen\/wp-json\/wp\/v2\/pages\/153\/revisions"}],"wp:attachment":[{"href":"https:\/\/staging3.escapehunt.com\/no\/bergen\/wp-json\/wp\/v2\/media?parent=153"}],"curies":[{"name":"wp","href":"https:\/\/api.w.org\/{rel}","templated":true}]}}