{"id":181,"date":"2018-08-03T11:41:54","date_gmt":"2018-08-03T11:41:54","guid":{"rendered":"http:\/\/s27835.p712.sites.pressdns.com\/no\/oslo\/?page_id=181"},"modified":"2018-08-03T11:41:54","modified_gmt":"2018-08-03T11:41:54","slug":"sosiale-arrangement","status":"publish","type":"page","link":"https:\/\/staging3.escapehunt.com\/no\/bergen\/sosiale-arrangement\/","title":{"rendered":"SOSIALE ARRANGEMENT"},"content":{"rendered":"<p>Hos Escape Hunt er vi eksperter n\u00e5r det kommer til \u00e5 arrangere fester og sosiale sammenkomster du ikke har sett maken til. Uansett hva du planlegger, kan du gj\u00f8re arrangementet et hakk bedre ved \u00e5 holde det hos oss.<\/p>\n","protected":false},"excerpt":{"rendered":"<p>Hos Escape Hunt er vi eksperter n\u00e5r det kommer til \u00e5 arrangere fester og sosiale sammenkomster du ikke har sett maken til. Uansett hva du planlegger, kan du gj\u00f8re arrangementet&hellip;<\/p>\n","protected":false},"author":19,"featured_media":0,"parent":0,"menu_order":0,"comment_status":"closed","ping_status":"closed","template":"views\/social-events.php","meta":{"_acf_changed":false,"footnotes":""},"class_list":["post-181","page","type-page","status-publish","hentry"],"acf":{"custom_schema_json":""},"yoast_head":"<!-- This site is optimized with the Yoast SEO plugin v27.3 - https:\/\/yoast.com\/product\/yoast-seo-wordpress\/ -->\n<title>SOSIALE ARRANGEMENT - Bergen<\/title>\n<meta name=\"robots\" content=\"noindex, follow, max-snippet:-1, max-image-preview:large, max-video-preview:-1\" \/>\n<meta property=\"og:locale\" content=\"nb_NO\" \/>\n<meta property=\"og:type\" content=\"article\" \/>\n<meta property=\"og:title\" content=\"SOSIALE ARRANGEMENT - Bergen\" \/>\n<meta property=\"og:description\" content=\"Hos Escape Hunt er vi eksperter n\u00e5r det kommer til \u00e5 arrangere fester og sosiale sammenkomster du ikke har sett maken til. Uansett hva du planlegger, kan du gj\u00f8re arrangementet&hellip;\" \/>\n<meta property=\"og:url\" content=\"https:\/\/escapehunt.com\/no\/bergen\/sosiale-arrangement\/\" \/>\n<meta property=\"og:site_name\" content=\"Bergen\" \/>\n<meta name=\"twitter:card\" content=\"summary_large_image\" \/>\n<script type=\"application\/ld+json\" class=\"yoast-schema-graph\">{\"@context\":\"https:\\\/\\\/schema.org\",\"@graph\":[{\"@type\":\"WebPage\",\"@id\":\"https:\\\/\\\/escapehunt.com\\\/no\\\/bergen\\\/sosiale-arrangement\\\/\",\"url\":\"https:\\\/\\\/escapehunt.com\\\/no\\\/bergen\\\/sosiale-arrangement\\\/\",\"name\":\"SOSIALE ARRANGEMENT - Bergen\",\"isPartOf\":{\"@id\":\"https:\\\/\\\/escapehunt.com\\\/no\\\/bergen\\\/#website\"},\"datePublished\":\"2018-08-03T11:41:54+00:00\",\"breadcrumb\":{\"@id\":\"https:\\\/\\\/escapehunt.com\\\/no\\\/bergen\\\/sosiale-arrangement\\\/#breadcrumb\"},\"inLanguage\":\"nb-NO\",\"potentialAction\":[{\"@type\":\"ReadAction\",\"target\":[\"https:\\\/\\\/escapehunt.com\\\/no\\\/bergen\\\/sosiale-arrangement\\\/\"]}]},{\"@type\":\"BreadcrumbList\",\"@id\":\"https:\\\/\\\/escapehunt.com\\\/no\\\/bergen\\\/sosiale-arrangement\\\/#breadcrumb\",\"itemListElement\":[{\"@type\":\"ListItem\",\"position\":1,\"name\":\"Home\",\"item\":\"https:\\\/\\\/escapehunt.com\\\/no\\\/bergen\\\/\"},{\"@type\":\"ListItem\",\"position\":2,\"name\":\"SOSIALE ARRANGEMENT\"}]},{\"@type\":\"WebSite\",\"@id\":\"https:\\\/\\\/escapehunt.com\\\/no\\\/bergen\\\/#website\",\"url\":\"https:\\\/\\\/escapehunt.com\\\/no\\\/bergen\\\/\",\"name\":\"Bergen\",\"description\":\"Escape Hunt Bergen - Bergen&#039;s Most Exciting Escape Room Experience\",\"potentialAction\":[{\"@type\":\"SearchAction\",\"target\":{\"@type\":\"EntryPoint\",\"urlTemplate\":\"https:\\\/\\\/escapehunt.com\\\/no\\\/bergen\\\/?s={search_term_string}\"},\"query-input\":{\"@type\":\"PropertyValueSpecification\",\"valueRequired\":true,\"valueName\":\"search_term_string\"}}],\"inLanguage\":\"nb-NO\"}]}<\/script>\n<!-- \/ Yoast SEO plugin. -->","yoast_head_json":{"title":"SOSIALE ARRANGEMENT - Bergen","robots":{"index":"noindex","follow":"follow","max-snippet":"max-snippet:-1","max-image-preview":"max-image-preview:large","max-video-preview":"max-video-preview:-1"},"og_locale":"nb_NO","og_type":"article","og_title":"SOSIALE ARRANGEMENT - Bergen","og_description":"Hos Escape Hunt er vi eksperter n\u00e5r det kommer til \u00e5 arrangere fester og sosiale sammenkomster du ikke har sett maken til. Uansett hva du planlegger, kan du gj\u00f8re arrangementet&hellip;","og_url":"https:\/\/escapehunt.com\/no\/bergen\/sosiale-arrangement\/","og_site_name":"Bergen","twitter_card":"summary_large_image","schema":{"@context":"https:\/\/schema.org","@graph":[{"@type":"WebPage","@id":"https:\/\/escapehunt.com\/no\/bergen\/sosiale-arrangement\/","url":"https:\/\/escapehunt.com\/no\/bergen\/sosiale-arrangement\/","name":"SOSIALE ARRANGEMENT - Bergen","isPartOf":{"@id":"https:\/\/escapehunt.com\/no\/bergen\/#website"},"datePublished":"2018-08-03T11:41:54+00:00","breadcrumb":{"@id":"https:\/\/escapehunt.com\/no\/bergen\/sosiale-arrangement\/#breadcrumb"},"inLanguage":"nb-NO","potentialAction":[{"@type":"ReadAction","target":["https:\/\/escapehunt.com\/no\/bergen\/sosiale-arrangement\/"]}]},{"@type":"BreadcrumbList","@id":"https:\/\/escapehunt.com\/no\/bergen\/sosiale-arrangement\/#breadcrumb","itemListElement":[{"@type":"ListItem","position":1,"name":"Home","item":"https:\/\/escapehunt.com\/no\/bergen\/"},{"@type":"ListItem","position":2,"name":"SOSIALE ARRANGEMENT"}]},{"@type":"WebSite","@id":"https:\/\/escapehunt.com\/no\/bergen\/#website","url":"https:\/\/escapehunt.com\/no\/bergen\/","name":"Bergen","description":"Escape Hunt Bergen - Bergen&#039;s Most Exciting Escape Room Experience","potentialAction":[{"@type":"SearchAction","target":{"@type":"EntryPoint","urlTemplate":"https:\/\/escapehunt.com\/no\/bergen\/?s={search_term_string}"},"query-input":{"@type":"PropertyValueSpecification","valueRequired":true,"valueName":"search_term_string"}}],"inLanguage":"nb-NO"}]}},"custom_schema_json":"","_links":{"self":[{"href":"https:\/\/staging3.escapehunt.com\/no\/bergen\/wp-json\/wp\/v2\/pages\/181","targetHints":{"allow":["GET"]}}],"collection":[{"href":"https:\/\/staging3.escapehunt.com\/no\/bergen\/wp-json\/wp\/v2\/pages"}],"about":[{"href":"https:\/\/staging3.escapehunt.com\/no\/bergen\/wp-json\/wp\/v2\/types\/page"}],"author":[{"embeddable":true,"href":"https:\/\/staging3.escapehunt.com\/no\/bergen\/wp-json\/wp\/v2\/users\/19"}],"replies":[{"embeddable":true,"href":"https:\/\/staging3.escapehunt.com\/no\/bergen\/wp-json\/wp\/v2\/comments?post=181"}],"version-history":[{"count":0,"href":"https:\/\/staging3.escapehunt.com\/no\/bergen\/wp-json\/wp\/v2\/pages\/181\/revisions"}],"wp:attachment":[{"href":"https:\/\/staging3.escapehunt.com\/no\/bergen\/wp-json\/wp\/v2\/media?parent=181"}],"curies":[{"name":"wp","href":"https:\/\/api.w.org\/{rel}","templated":true}]}}