{"id":194,"date":"2018-08-03T12:10:22","date_gmt":"2018-08-03T12:10:22","guid":{"rendered":"http:\/\/s27835.p712.sites.pressdns.com\/no\/oslo\/?page_id=194"},"modified":"2023-10-12T18:33:24","modified_gmt":"2023-10-12T16:33:24","slug":"gi-fangeskap-i-gave","status":"publish","type":"page","link":"https:\/\/staging3.escapehunt.com\/no\/bergen\/gi-fangeskap-i-gave\/","title":{"rendered":"GI FANGENSKAP I GAVE"},"content":{"rendered":"<header class=\"page__header\"><b>Sikre deg status som den kuleste gavegiveren og gi bort \u00e5rets mest spennende gave.<br \/>\nGaveeske og gavekort p\u00e5 escape room er en sikker vinner til alle med et snev av personlighet.<\/b><\/p>\n<header class=\"page__header\">\n<h3><strong>GAVEESKE<\/strong><\/h3>\n<ul>\n<li>Esken inneholder et puslespill, som m\u00e5 pusles for \u00e5 forst\u00e5 hva gaven er<\/li>\n<li>En unik kode i esken gir mulighet til \u00e5 bestille et av v\u00e5re spennende spill i Bergen eller Trondheim<\/li>\n<li>Koden kan benyttes for ett valgfritt spill for 2-5 personer<\/li>\n<li>Verdi kr. 1.775,- du betaler\u00a0<em>kun kr. 1.495,-<\/em>\u00a0+ porto og ekspedisjon<\/li>\n<li>Gyldig i 12 mnd. fra utstedelsesdato<\/li>\n<li>Sendes til deg som vanlig post, pakket i boblekonvolutt for sikker frakt<\/li>\n<\/ul>\n<h3><strong>DIGITALT GAVEKORT<\/strong><\/h3>\n<ul>\n<li>En unik kode p\u00e5 gavekortet gir mulighet til \u00e5 bestille et av v\u00e5re spennende spill i Bergen eller Trondheim<\/li>\n<li>Velg verdi fra kr. 450,- og opp til et spill for 5 personer<\/li>\n<li>Gyldig i 12 mnd. fra utstedelsesdato<\/li>\n<li>Gavekortet sendes til deg p\u00e5 epost<\/li>\n<\/ul>\n<\/header>\n<div class=\"page__content\">\n<p>Fristet til \u00e5 bestille et til deg selv ogs\u00e5?<\/p>\n<\/div>\n<\/header>\n","protected":false},"excerpt":{"rendered":"<p>Sikre deg status som den kuleste gavegiveren og gi bort \u00e5rets mest spennende gave. Gaveeske og gavekort p\u00e5 escape room er en sikker vinner til alle med et snev av&hellip;<\/p>\n","protected":false},"author":19,"featured_media":562,"parent":0,"menu_order":0,"comment_status":"closed","ping_status":"closed","template":"views\/vouchers.php","meta":{"_acf_changed":false,"footnotes":""},"class_list":["post-194","page","type-page","status-publish","has-post-thumbnail","hentry"],"acf":{"custom_schema_json":""},"yoast_head":"<!-- This site is optimized with the Yoast SEO plugin v27.3 - https:\/\/yoast.com\/product\/yoast-seo-wordpress\/ -->\n<title>GI FANGENSKAP I GAVE - Bergen<\/title>\n<meta name=\"robots\" content=\"noindex, follow, max-snippet:-1, max-image-preview:large, max-video-preview:-1\" \/>\n<meta property=\"og:locale\" content=\"nb_NO\" \/>\n<meta property=\"og:type\" content=\"article\" \/>\n<meta property=\"og:title\" content=\"GI FANGENSKAP I GAVE - Bergen\" \/>\n<meta property=\"og:description\" content=\"Sikre deg status som den kuleste gavegiveren og gi bort \u00e5rets mest spennende gave. Gaveeske og gavekort p\u00e5 escape room er en sikker vinner til alle med et snev av&hellip;\" \/>\n<meta property=\"og:url\" content=\"https:\/\/escapehunt.com\/no\/bergen\/gi-fangeskap-i-gave\/\" \/>\n<meta property=\"og:site_name\" content=\"Bergen\" \/>\n<meta property=\"article:modified_time\" content=\"2023-10-12T16:33:24+00:00\" \/>\n<meta property=\"og:image\" content=\"https:\/\/escapehunt.com\/no\/bergen\/wp-content\/uploads\/sites\/34\/2018\/11\/EH-Puzzle-Gift-Voucher_2530x1240px_Norway.jpg\" \/>\n\t<meta property=\"og:image:width\" content=\"5228\" \/>\n\t<meta property=\"og:image:height\" content=\"2562\" \/>\n\t<meta property=\"og:image:type\" content=\"image\/jpeg\" \/>\n<meta name=\"twitter:card\" content=\"summary_large_image\" \/>\n<meta name=\"twitter:label1\" content=\"Ansl. lesetid\" \/>\n\t<meta name=\"twitter:data1\" content=\"1 minutt\" \/>\n<script type=\"application\/ld+json\" class=\"yoast-schema-graph\">{\"@context\":\"https:\\\/\\\/schema.org\",\"@graph\":[{\"@type\":\"WebPage\",\"@id\":\"https:\\\/\\\/escapehunt.com\\\/no\\\/bergen\\\/gi-fangeskap-i-gave\\\/\",\"url\":\"https:\\\/\\\/escapehunt.com\\\/no\\\/bergen\\\/gi-fangeskap-i-gave\\\/\",\"name\":\"GI FANGENSKAP I GAVE - Bergen\",\"isPartOf\":{\"@id\":\"https:\\\/\\\/escapehunt.com\\\/no\\\/bergen\\\/#website\"},\"primaryImageOfPage\":{\"@id\":\"https:\\\/\\\/escapehunt.com\\\/no\\\/bergen\\\/gi-fangeskap-i-gave\\\/#primaryimage\"},\"image\":{\"@id\":\"https:\\\/\\\/escapehunt.com\\\/no\\\/bergen\\\/gi-fangeskap-i-gave\\\/#primaryimage\"},\"thumbnailUrl\":\"https:\\\/\\\/staging3.escapehunt.com\\\/no\\\/bergen\\\/wp-content\\\/uploads\\\/sites\\\/34\\\/2018\\\/11\\\/EH-Puzzle-Gift-Voucher_2530x1240px_Norway.jpg\",\"datePublished\":\"2018-08-03T12:10:22+00:00\",\"dateModified\":\"2023-10-12T16:33:24+00:00\",\"breadcrumb\":{\"@id\":\"https:\\\/\\\/escapehunt.com\\\/no\\\/bergen\\\/gi-fangeskap-i-gave\\\/#breadcrumb\"},\"inLanguage\":\"nb-NO\",\"potentialAction\":[{\"@type\":\"ReadAction\",\"target\":[\"https:\\\/\\\/escapehunt.com\\\/no\\\/bergen\\\/gi-fangeskap-i-gave\\\/\"]}]},{\"@type\":\"ImageObject\",\"inLanguage\":\"nb-NO\",\"@id\":\"https:\\\/\\\/escapehunt.com\\\/no\\\/bergen\\\/gi-fangeskap-i-gave\\\/#primaryimage\",\"url\":\"https:\\\/\\\/staging3.escapehunt.com\\\/no\\\/bergen\\\/wp-content\\\/uploads\\\/sites\\\/34\\\/2018\\\/11\\\/EH-Puzzle-Gift-Voucher_2530x1240px_Norway.jpg\",\"contentUrl\":\"https:\\\/\\\/staging3.escapehunt.com\\\/no\\\/bergen\\\/wp-content\\\/uploads\\\/sites\\\/34\\\/2018\\\/11\\\/EH-Puzzle-Gift-Voucher_2530x1240px_Norway.jpg\",\"width\":5228,\"height\":2562},{\"@type\":\"BreadcrumbList\",\"@id\":\"https:\\\/\\\/escapehunt.com\\\/no\\\/bergen\\\/gi-fangeskap-i-gave\\\/#breadcrumb\",\"itemListElement\":[{\"@type\":\"ListItem\",\"position\":1,\"name\":\"Home\",\"item\":\"https:\\\/\\\/escapehunt.com\\\/no\\\/bergen\\\/\"},{\"@type\":\"ListItem\",\"position\":2,\"name\":\"GI FANGENSKAP I GAVE\"}]},{\"@type\":\"WebSite\",\"@id\":\"https:\\\/\\\/escapehunt.com\\\/no\\\/bergen\\\/#website\",\"url\":\"https:\\\/\\\/escapehunt.com\\\/no\\\/bergen\\\/\",\"name\":\"Bergen\",\"description\":\"Escape Hunt Bergen - Bergen&#039;s Most Exciting Escape Room Experience\",\"potentialAction\":[{\"@type\":\"SearchAction\",\"target\":{\"@type\":\"EntryPoint\",\"urlTemplate\":\"https:\\\/\\\/escapehunt.com\\\/no\\\/bergen\\\/?s={search_term_string}\"},\"query-input\":{\"@type\":\"PropertyValueSpecification\",\"valueRequired\":true,\"valueName\":\"search_term_string\"}}],\"inLanguage\":\"nb-NO\"}]}<\/script>\n<!-- \/ Yoast SEO plugin. -->","yoast_head_json":{"title":"GI FANGENSKAP I GAVE - Bergen","robots":{"index":"noindex","follow":"follow","max-snippet":"max-snippet:-1","max-image-preview":"max-image-preview:large","max-video-preview":"max-video-preview:-1"},"og_locale":"nb_NO","og_type":"article","og_title":"GI FANGENSKAP I GAVE - Bergen","og_description":"Sikre deg status som den kuleste gavegiveren og gi bort \u00e5rets mest spennende gave. Gaveeske og gavekort p\u00e5 escape room er en sikker vinner til alle med et snev av&hellip;","og_url":"https:\/\/escapehunt.com\/no\/bergen\/gi-fangeskap-i-gave\/","og_site_name":"Bergen","article_modified_time":"2023-10-12T16:33:24+00:00","og_image":[{"width":5228,"height":2562,"url":"https:\/\/escapehunt.com\/no\/bergen\/wp-content\/uploads\/sites\/34\/2018\/11\/EH-Puzzle-Gift-Voucher_2530x1240px_Norway.jpg","type":"image\/jpeg"}],"twitter_card":"summary_large_image","twitter_misc":{"Ansl. lesetid":"1 minutt"},"schema":{"@context":"https:\/\/schema.org","@graph":[{"@type":"WebPage","@id":"https:\/\/escapehunt.com\/no\/bergen\/gi-fangeskap-i-gave\/","url":"https:\/\/escapehunt.com\/no\/bergen\/gi-fangeskap-i-gave\/","name":"GI FANGENSKAP I GAVE - Bergen","isPartOf":{"@id":"https:\/\/escapehunt.com\/no\/bergen\/#website"},"primaryImageOfPage":{"@id":"https:\/\/escapehunt.com\/no\/bergen\/gi-fangeskap-i-gave\/#primaryimage"},"image":{"@id":"https:\/\/escapehunt.com\/no\/bergen\/gi-fangeskap-i-gave\/#primaryimage"},"thumbnailUrl":"https:\/\/staging3.escapehunt.com\/no\/bergen\/wp-content\/uploads\/sites\/34\/2018\/11\/EH-Puzzle-Gift-Voucher_2530x1240px_Norway.jpg","datePublished":"2018-08-03T12:10:22+00:00","dateModified":"2023-10-12T16:33:24+00:00","breadcrumb":{"@id":"https:\/\/escapehunt.com\/no\/bergen\/gi-fangeskap-i-gave\/#breadcrumb"},"inLanguage":"nb-NO","potentialAction":[{"@type":"ReadAction","target":["https:\/\/escapehunt.com\/no\/bergen\/gi-fangeskap-i-gave\/"]}]},{"@type":"ImageObject","inLanguage":"nb-NO","@id":"https:\/\/escapehunt.com\/no\/bergen\/gi-fangeskap-i-gave\/#primaryimage","url":"https:\/\/staging3.escapehunt.com\/no\/bergen\/wp-content\/uploads\/sites\/34\/2018\/11\/EH-Puzzle-Gift-Voucher_2530x1240px_Norway.jpg","contentUrl":"https:\/\/staging3.escapehunt.com\/no\/bergen\/wp-content\/uploads\/sites\/34\/2018\/11\/EH-Puzzle-Gift-Voucher_2530x1240px_Norway.jpg","width":5228,"height":2562},{"@type":"BreadcrumbList","@id":"https:\/\/escapehunt.com\/no\/bergen\/gi-fangeskap-i-gave\/#breadcrumb","itemListElement":[{"@type":"ListItem","position":1,"name":"Home","item":"https:\/\/escapehunt.com\/no\/bergen\/"},{"@type":"ListItem","position":2,"name":"GI FANGENSKAP I GAVE"}]},{"@type":"WebSite","@id":"https:\/\/escapehunt.com\/no\/bergen\/#website","url":"https:\/\/escapehunt.com\/no\/bergen\/","name":"Bergen","description":"Escape Hunt Bergen - Bergen&#039;s Most Exciting Escape Room Experience","potentialAction":[{"@type":"SearchAction","target":{"@type":"EntryPoint","urlTemplate":"https:\/\/escapehunt.com\/no\/bergen\/?s={search_term_string}"},"query-input":{"@type":"PropertyValueSpecification","valueRequired":true,"valueName":"search_term_string"}}],"inLanguage":"nb-NO"}]}},"custom_schema_json":"","_links":{"self":[{"href":"https:\/\/staging3.escapehunt.com\/no\/bergen\/wp-json\/wp\/v2\/pages\/194","targetHints":{"allow":["GET"]}}],"collection":[{"href":"https:\/\/staging3.escapehunt.com\/no\/bergen\/wp-json\/wp\/v2\/pages"}],"about":[{"href":"https:\/\/staging3.escapehunt.com\/no\/bergen\/wp-json\/wp\/v2\/types\/page"}],"author":[{"embeddable":true,"href":"https:\/\/staging3.escapehunt.com\/no\/bergen\/wp-json\/wp\/v2\/users\/19"}],"replies":[{"embeddable":true,"href":"https:\/\/staging3.escapehunt.com\/no\/bergen\/wp-json\/wp\/v2\/comments?post=194"}],"version-history":[{"count":0,"href":"https:\/\/staging3.escapehunt.com\/no\/bergen\/wp-json\/wp\/v2\/pages\/194\/revisions"}],"wp:featuredmedia":[{"embeddable":true,"href":"https:\/\/staging3.escapehunt.com\/no\/bergen\/wp-json\/wp\/v2\/media\/562"}],"wp:attachment":[{"href":"https:\/\/staging3.escapehunt.com\/no\/bergen\/wp-json\/wp\/v2\/media?parent=194"}],"curies":[{"name":"wp","href":"https:\/\/api.w.org\/{rel}","templated":true}]}}