{"id":197,"date":"2018-08-03T12:20:08","date_gmt":"2018-08-03T12:20:08","guid":{"rendered":"http:\/\/s27835.p712.sites.pressdns.com\/no\/oslo\/?page_id=197"},"modified":"2018-08-03T12:20:08","modified_gmt":"2018-08-03T12:20:08","slug":"velg-ditt-eventyr","status":"publish","type":"page","link":"https:\/\/staging3.escapehunt.com\/no\/bergen\/velg-ditt-eventyr\/","title":{"rendered":"VELG DITT EVENTYR"},"content":{"rendered":"<p>Alle v\u00e5re fabelaktige og fantasifulle spill finner sted i tematiske rom med et utrolig detaljniv\u00e5 s\u00e5 du lever deg fullstendig inn i historien. Er du klar for en utfordring?<\/p>\n","protected":false},"excerpt":{"rendered":"<p>Alle v\u00e5re fabelaktige og fantasifulle spill finner sted i tematiske rom med et utrolig detaljniv\u00e5 s\u00e5 du lever deg fullstendig inn i historien. Er du klar for en utfordring?<\/p>\n","protected":false},"author":19,"featured_media":0,"parent":0,"menu_order":0,"comment_status":"closed","ping_status":"closed","template":"views\/games.php","meta":{"_acf_changed":false,"footnotes":""},"class_list":["post-197","page","type-page","status-publish","hentry"],"acf":{"custom_schema_json":""},"yoast_head":"<!-- This site is optimized with the Yoast SEO plugin v27.3 - https:\/\/yoast.com\/product\/yoast-seo-wordpress\/ -->\n<title>VELG DITT EVENTYR - Bergen<\/title>\n<meta name=\"robots\" content=\"noindex, follow, max-snippet:-1, max-image-preview:large, max-video-preview:-1\" \/>\n<meta property=\"og:locale\" content=\"nb_NO\" \/>\n<meta property=\"og:type\" content=\"article\" \/>\n<meta property=\"og:title\" content=\"VELG DITT EVENTYR - Bergen\" \/>\n<meta property=\"og:description\" content=\"Alle v\u00e5re fabelaktige og fantasifulle spill finner sted i tematiske rom med et utrolig detaljniv\u00e5 s\u00e5 du lever deg fullstendig inn i historien. Er du klar for en utfordring?\" \/>\n<meta property=\"og:url\" content=\"https:\/\/escapehunt.com\/no\/bergen\/velg-ditt-eventyr\/\" \/>\n<meta property=\"og:site_name\" content=\"Bergen\" \/>\n<meta name=\"twitter:card\" content=\"summary_large_image\" \/>\n<script type=\"application\/ld+json\" class=\"yoast-schema-graph\">{\"@context\":\"https:\\\/\\\/schema.org\",\"@graph\":[{\"@type\":\"WebPage\",\"@id\":\"https:\\\/\\\/escapehunt.com\\\/no\\\/bergen\\\/velg-ditt-eventyr\\\/\",\"url\":\"https:\\\/\\\/escapehunt.com\\\/no\\\/bergen\\\/velg-ditt-eventyr\\\/\",\"name\":\"VELG DITT EVENTYR - Bergen\",\"isPartOf\":{\"@id\":\"https:\\\/\\\/escapehunt.com\\\/no\\\/bergen\\\/#website\"},\"datePublished\":\"2018-08-03T12:20:08+00:00\",\"breadcrumb\":{\"@id\":\"https:\\\/\\\/escapehunt.com\\\/no\\\/bergen\\\/velg-ditt-eventyr\\\/#breadcrumb\"},\"inLanguage\":\"nb-NO\",\"potentialAction\":[{\"@type\":\"ReadAction\",\"target\":[\"https:\\\/\\\/escapehunt.com\\\/no\\\/bergen\\\/velg-ditt-eventyr\\\/\"]}]},{\"@type\":\"BreadcrumbList\",\"@id\":\"https:\\\/\\\/escapehunt.com\\\/no\\\/bergen\\\/velg-ditt-eventyr\\\/#breadcrumb\",\"itemListElement\":[{\"@type\":\"ListItem\",\"position\":1,\"name\":\"Home\",\"item\":\"https:\\\/\\\/escapehunt.com\\\/no\\\/bergen\\\/\"},{\"@type\":\"ListItem\",\"position\":2,\"name\":\"VELG DITT EVENTYR\"}]},{\"@type\":\"WebSite\",\"@id\":\"https:\\\/\\\/escapehunt.com\\\/no\\\/bergen\\\/#website\",\"url\":\"https:\\\/\\\/escapehunt.com\\\/no\\\/bergen\\\/\",\"name\":\"Bergen\",\"description\":\"Escape Hunt Bergen - Bergen&#039;s Most Exciting Escape Room Experience\",\"potentialAction\":[{\"@type\":\"SearchAction\",\"target\":{\"@type\":\"EntryPoint\",\"urlTemplate\":\"https:\\\/\\\/escapehunt.com\\\/no\\\/bergen\\\/?s={search_term_string}\"},\"query-input\":{\"@type\":\"PropertyValueSpecification\",\"valueRequired\":true,\"valueName\":\"search_term_string\"}}],\"inLanguage\":\"nb-NO\"}]}<\/script>\n<!-- \/ Yoast SEO plugin. -->","yoast_head_json":{"title":"VELG DITT EVENTYR - Bergen","robots":{"index":"noindex","follow":"follow","max-snippet":"max-snippet:-1","max-image-preview":"max-image-preview:large","max-video-preview":"max-video-preview:-1"},"og_locale":"nb_NO","og_type":"article","og_title":"VELG DITT EVENTYR - Bergen","og_description":"Alle v\u00e5re fabelaktige og fantasifulle spill finner sted i tematiske rom med et utrolig detaljniv\u00e5 s\u00e5 du lever deg fullstendig inn i historien. Er du klar for en utfordring?","og_url":"https:\/\/escapehunt.com\/no\/bergen\/velg-ditt-eventyr\/","og_site_name":"Bergen","twitter_card":"summary_large_image","schema":{"@context":"https:\/\/schema.org","@graph":[{"@type":"WebPage","@id":"https:\/\/escapehunt.com\/no\/bergen\/velg-ditt-eventyr\/","url":"https:\/\/escapehunt.com\/no\/bergen\/velg-ditt-eventyr\/","name":"VELG DITT EVENTYR - Bergen","isPartOf":{"@id":"https:\/\/escapehunt.com\/no\/bergen\/#website"},"datePublished":"2018-08-03T12:20:08+00:00","breadcrumb":{"@id":"https:\/\/escapehunt.com\/no\/bergen\/velg-ditt-eventyr\/#breadcrumb"},"inLanguage":"nb-NO","potentialAction":[{"@type":"ReadAction","target":["https:\/\/escapehunt.com\/no\/bergen\/velg-ditt-eventyr\/"]}]},{"@type":"BreadcrumbList","@id":"https:\/\/escapehunt.com\/no\/bergen\/velg-ditt-eventyr\/#breadcrumb","itemListElement":[{"@type":"ListItem","position":1,"name":"Home","item":"https:\/\/escapehunt.com\/no\/bergen\/"},{"@type":"ListItem","position":2,"name":"VELG DITT EVENTYR"}]},{"@type":"WebSite","@id":"https:\/\/escapehunt.com\/no\/bergen\/#website","url":"https:\/\/escapehunt.com\/no\/bergen\/","name":"Bergen","description":"Escape Hunt Bergen - Bergen&#039;s Most Exciting Escape Room Experience","potentialAction":[{"@type":"SearchAction","target":{"@type":"EntryPoint","urlTemplate":"https:\/\/escapehunt.com\/no\/bergen\/?s={search_term_string}"},"query-input":{"@type":"PropertyValueSpecification","valueRequired":true,"valueName":"search_term_string"}}],"inLanguage":"nb-NO"}]}},"custom_schema_json":"","_links":{"self":[{"href":"https:\/\/staging3.escapehunt.com\/no\/bergen\/wp-json\/wp\/v2\/pages\/197","targetHints":{"allow":["GET"]}}],"collection":[{"href":"https:\/\/staging3.escapehunt.com\/no\/bergen\/wp-json\/wp\/v2\/pages"}],"about":[{"href":"https:\/\/staging3.escapehunt.com\/no\/bergen\/wp-json\/wp\/v2\/types\/page"}],"author":[{"embeddable":true,"href":"https:\/\/staging3.escapehunt.com\/no\/bergen\/wp-json\/wp\/v2\/users\/19"}],"replies":[{"embeddable":true,"href":"https:\/\/staging3.escapehunt.com\/no\/bergen\/wp-json\/wp\/v2\/comments?post=197"}],"version-history":[{"count":0,"href":"https:\/\/staging3.escapehunt.com\/no\/bergen\/wp-json\/wp\/v2\/pages\/197\/revisions"}],"wp:attachment":[{"href":"https:\/\/staging3.escapehunt.com\/no\/bergen\/wp-json\/wp\/v2\/media?parent=197"}],"curies":[{"name":"wp","href":"https:\/\/api.w.org\/{rel}","templated":true}]}}