{"id":3215,"date":"2020-04-27T17:07:33","date_gmt":"2020-04-27T15:07:33","guid":{"rendered":"https:\/\/staging3.escapehunt.com\/no\/bergen\/?page_id=3215"},"modified":"2024-06-10T11:59:26","modified_gmt":"2024-06-10T09:59:26","slug":"hjemmespill","status":"publish","type":"page","link":"https:\/\/staging3.escapehunt.com\/no\/bergen\/hjemmespill\/","title":{"rendered":"HJEMMESPILL"},"content":{"rendered":"<h3 style=\"color: #eb5c2e;\">OPPLEVELSEN STARTER HJEMME!<\/h3>\n<p>Vi bringer v\u00e5re 5* eventyr hjem til deg, s\u00e5 du kan spille med venner, familie eller arbeidskolleger. Last ned, skriv ut og se om dere har det som trengs for \u00e5 l\u00f8se disse mysteriene&#8230;<br \/>\nSpillene egner seg godt for Teams, Messenger eller andre online plattformer &#8211; vi har spilt de p\u00e5 denne m\u00e5ten mellom Oslo, Bergen, Trondheim og Hemsedal f\u00f8r lansering!<br \/>\n(Spillene er p\u00e5 engelsk)<\/p>\n<p>&nbsp;<\/p>\n","protected":false},"excerpt":{"rendered":"<p>OPPLEVELSEN STARTER HJEMME! Vi bringer v\u00e5re 5* eventyr hjem til deg, s\u00e5 du kan spille med venner, familie eller arbeidskolleger. Last ned, skriv ut og se om dere har det&hellip;<\/p>\n","protected":false},"author":104,"featured_media":0,"parent":0,"menu_order":0,"comment_status":"closed","ping_status":"closed","template":"views\/kids-package.php","meta":{"_acf_changed":false,"footnotes":""},"class_list":["post-3215","page","type-page","status-publish","hentry"],"acf":{"custom_schema_json":""},"yoast_head":"<!-- This site is optimized with the Yoast SEO plugin v27.3 - https:\/\/yoast.com\/product\/yoast-seo-wordpress\/ -->\n<title>HJEMMESPILL - Bergen<\/title>\n<meta name=\"robots\" content=\"noindex, follow, max-snippet:-1, max-image-preview:large, max-video-preview:-1\" \/>\n<meta property=\"og:locale\" content=\"nb_NO\" \/>\n<meta property=\"og:type\" content=\"article\" \/>\n<meta property=\"og:title\" content=\"HJEMMESPILL - Bergen\" \/>\n<meta property=\"og:description\" content=\"OPPLEVELSEN STARTER HJEMME! Vi bringer v\u00e5re 5* eventyr hjem til deg, s\u00e5 du kan spille med venner, familie eller arbeidskolleger. Last ned, skriv ut og se om dere har det&hellip;\" \/>\n<meta property=\"og:url\" content=\"https:\/\/escapehunt.com\/no\/bergen\/hjemmespill\/\" \/>\n<meta property=\"og:site_name\" content=\"Bergen\" \/>\n<meta property=\"article:modified_time\" content=\"2024-06-10T09:59:26+00:00\" \/>\n<meta name=\"twitter:card\" content=\"summary_large_image\" \/>\n<meta name=\"twitter:label1\" content=\"Ansl. lesetid\" \/>\n\t<meta name=\"twitter:data1\" content=\"1 minutt\" \/>\n<script type=\"application\/ld+json\" class=\"yoast-schema-graph\">{\"@context\":\"https:\\\/\\\/schema.org\",\"@graph\":[{\"@type\":\"WebPage\",\"@id\":\"https:\\\/\\\/escapehunt.com\\\/no\\\/bergen\\\/hjemmespill\\\/\",\"url\":\"https:\\\/\\\/escapehunt.com\\\/no\\\/bergen\\\/hjemmespill\\\/\",\"name\":\"HJEMMESPILL - Bergen\",\"isPartOf\":{\"@id\":\"https:\\\/\\\/escapehunt.com\\\/no\\\/bergen\\\/#website\"},\"datePublished\":\"2020-04-27T15:07:33+00:00\",\"dateModified\":\"2024-06-10T09:59:26+00:00\",\"breadcrumb\":{\"@id\":\"https:\\\/\\\/escapehunt.com\\\/no\\\/bergen\\\/hjemmespill\\\/#breadcrumb\"},\"inLanguage\":\"nb-NO\",\"potentialAction\":[{\"@type\":\"ReadAction\",\"target\":[\"https:\\\/\\\/escapehunt.com\\\/no\\\/bergen\\\/hjemmespill\\\/\"]}]},{\"@type\":\"BreadcrumbList\",\"@id\":\"https:\\\/\\\/escapehunt.com\\\/no\\\/bergen\\\/hjemmespill\\\/#breadcrumb\",\"itemListElement\":[{\"@type\":\"ListItem\",\"position\":1,\"name\":\"Home\",\"item\":\"https:\\\/\\\/escapehunt.com\\\/no\\\/bergen\\\/\"},{\"@type\":\"ListItem\",\"position\":2,\"name\":\"HJEMMESPILL\"}]},{\"@type\":\"WebSite\",\"@id\":\"https:\\\/\\\/escapehunt.com\\\/no\\\/bergen\\\/#website\",\"url\":\"https:\\\/\\\/escapehunt.com\\\/no\\\/bergen\\\/\",\"name\":\"Bergen\",\"description\":\"Escape Hunt Bergen - Bergen&#039;s Most Exciting Escape Room Experience\",\"potentialAction\":[{\"@type\":\"SearchAction\",\"target\":{\"@type\":\"EntryPoint\",\"urlTemplate\":\"https:\\\/\\\/escapehunt.com\\\/no\\\/bergen\\\/?s={search_term_string}\"},\"query-input\":{\"@type\":\"PropertyValueSpecification\",\"valueRequired\":true,\"valueName\":\"search_term_string\"}}],\"inLanguage\":\"nb-NO\"}]}<\/script>\n<!-- \/ Yoast SEO plugin. -->","yoast_head_json":{"title":"HJEMMESPILL - Bergen","robots":{"index":"noindex","follow":"follow","max-snippet":"max-snippet:-1","max-image-preview":"max-image-preview:large","max-video-preview":"max-video-preview:-1"},"og_locale":"nb_NO","og_type":"article","og_title":"HJEMMESPILL - Bergen","og_description":"OPPLEVELSEN STARTER HJEMME! Vi bringer v\u00e5re 5* eventyr hjem til deg, s\u00e5 du kan spille med venner, familie eller arbeidskolleger. Last ned, skriv ut og se om dere har det&hellip;","og_url":"https:\/\/escapehunt.com\/no\/bergen\/hjemmespill\/","og_site_name":"Bergen","article_modified_time":"2024-06-10T09:59:26+00:00","twitter_card":"summary_large_image","twitter_misc":{"Ansl. lesetid":"1 minutt"},"schema":{"@context":"https:\/\/schema.org","@graph":[{"@type":"WebPage","@id":"https:\/\/escapehunt.com\/no\/bergen\/hjemmespill\/","url":"https:\/\/escapehunt.com\/no\/bergen\/hjemmespill\/","name":"HJEMMESPILL - Bergen","isPartOf":{"@id":"https:\/\/escapehunt.com\/no\/bergen\/#website"},"datePublished":"2020-04-27T15:07:33+00:00","dateModified":"2024-06-10T09:59:26+00:00","breadcrumb":{"@id":"https:\/\/escapehunt.com\/no\/bergen\/hjemmespill\/#breadcrumb"},"inLanguage":"nb-NO","potentialAction":[{"@type":"ReadAction","target":["https:\/\/escapehunt.com\/no\/bergen\/hjemmespill\/"]}]},{"@type":"BreadcrumbList","@id":"https:\/\/escapehunt.com\/no\/bergen\/hjemmespill\/#breadcrumb","itemListElement":[{"@type":"ListItem","position":1,"name":"Home","item":"https:\/\/escapehunt.com\/no\/bergen\/"},{"@type":"ListItem","position":2,"name":"HJEMMESPILL"}]},{"@type":"WebSite","@id":"https:\/\/escapehunt.com\/no\/bergen\/#website","url":"https:\/\/escapehunt.com\/no\/bergen\/","name":"Bergen","description":"Escape Hunt Bergen - Bergen&#039;s Most Exciting Escape Room Experience","potentialAction":[{"@type":"SearchAction","target":{"@type":"EntryPoint","urlTemplate":"https:\/\/escapehunt.com\/no\/bergen\/?s={search_term_string}"},"query-input":{"@type":"PropertyValueSpecification","valueRequired":true,"valueName":"search_term_string"}}],"inLanguage":"nb-NO"}]}},"custom_schema_json":"","_links":{"self":[{"href":"https:\/\/staging3.escapehunt.com\/no\/bergen\/wp-json\/wp\/v2\/pages\/3215","targetHints":{"allow":["GET"]}}],"collection":[{"href":"https:\/\/staging3.escapehunt.com\/no\/bergen\/wp-json\/wp\/v2\/pages"}],"about":[{"href":"https:\/\/staging3.escapehunt.com\/no\/bergen\/wp-json\/wp\/v2\/types\/page"}],"author":[{"embeddable":true,"href":"https:\/\/staging3.escapehunt.com\/no\/bergen\/wp-json\/wp\/v2\/users\/104"}],"replies":[{"embeddable":true,"href":"https:\/\/staging3.escapehunt.com\/no\/bergen\/wp-json\/wp\/v2\/comments?post=3215"}],"version-history":[{"count":0,"href":"https:\/\/staging3.escapehunt.com\/no\/bergen\/wp-json\/wp\/v2\/pages\/3215\/revisions"}],"wp:attachment":[{"href":"https:\/\/staging3.escapehunt.com\/no\/bergen\/wp-json\/wp\/v2\/media?parent=3215"}],"curies":[{"name":"wp","href":"https:\/\/api.w.org\/{rel}","templated":true}]}}