{"id":421,"date":"2018-09-12T11:41:40","date_gmt":"2018-09-12T11:41:40","guid":{"rendered":"https:\/\/staging3.escapehunt.com\/no\/bergen\/?page_id=421"},"modified":"2021-10-27T15:29:59","modified_gmt":"2021-10-27T13:29:59","slug":"finn-oss","status":"publish","type":"page","link":"https:\/\/staging3.escapehunt.com\/no\/bergen\/finn-oss\/","title":{"rendered":"ESCAPE HUNT BERGEN"},"content":{"rendered":"<p>Du finner oss i Strandgaten 7 i sentrum, rett ved Torgallmenningen. Se etter Escape Hunt skiltet mellom Burger King og Granit, vi holder til i 2. etg.<\/p>\n<p>&nbsp;<\/p>\n<h4>MED BUSS<\/h4>\n<p>Rutene 4E, 6, 12, 39, 50E, FB50 og FB 51. har stopp 1-2 minutters gange fra oss i Strandgaten 7.<\/p>\n<p>&nbsp;<\/p>\n<h4>MED BYBANEN<\/h4>\n<p>Ta Bybanen til Byparken, og g\u00e5 retning Torgallmenningen. Det tar kun 4 minutter \u00e5 g\u00e5 til oss.<\/p>\n<p>&nbsp;<\/p>\n<h4>MED BIL<\/h4>\n<p>City Park P-hus i Markeveien 7 ligger kun 2 minutters gange fra oss. KlosterGarasjen i Vestre Murallmenningen 14 ligger 5-6 minutters gange fra oss.<\/p>\n","protected":false},"excerpt":{"rendered":"<p>Du finner oss i Strandgaten 7 i sentrum, rett ved Torgallmenningen. Se etter Escape Hunt skiltet mellom Burger King og Granit, vi holder til i 2. etg. &nbsp; MED BUSS&hellip;<\/p>\n","protected":false},"author":19,"featured_media":0,"parent":0,"menu_order":0,"comment_status":"closed","ping_status":"closed","template":"views\/find-us.php","meta":{"_acf_changed":false,"footnotes":""},"class_list":["post-421","page","type-page","status-publish","hentry"],"acf":{"custom_schema_json":""},"yoast_head":"<!-- This site is optimized with the Yoast SEO plugin v27.3 - https:\/\/yoast.com\/product\/yoast-seo-wordpress\/ -->\n<title>ESCAPE HUNT BERGEN - Bergen<\/title>\n<meta name=\"robots\" content=\"noindex, follow, max-snippet:-1, max-image-preview:large, max-video-preview:-1\" \/>\n<meta property=\"og:locale\" content=\"nb_NO\" \/>\n<meta property=\"og:type\" content=\"article\" \/>\n<meta property=\"og:title\" content=\"ESCAPE HUNT BERGEN - Bergen\" \/>\n<meta property=\"og:description\" content=\"Du finner oss i Strandgaten 7 i sentrum, rett ved Torgallmenningen. Se etter Escape Hunt skiltet mellom Burger King og Granit, vi holder til i 2. etg. &nbsp; MED BUSS&hellip;\" \/>\n<meta property=\"og:url\" content=\"https:\/\/escapehunt.com\/no\/bergen\/finn-oss\/\" \/>\n<meta property=\"og:site_name\" content=\"Bergen\" \/>\n<meta property=\"article:modified_time\" content=\"2021-10-27T13:29:59+00:00\" \/>\n<meta name=\"twitter:card\" content=\"summary_large_image\" \/>\n<script type=\"application\/ld+json\" class=\"yoast-schema-graph\">{\"@context\":\"https:\\\/\\\/schema.org\",\"@graph\":[{\"@type\":\"WebPage\",\"@id\":\"https:\\\/\\\/escapehunt.com\\\/no\\\/bergen\\\/finn-oss\\\/\",\"url\":\"https:\\\/\\\/escapehunt.com\\\/no\\\/bergen\\\/finn-oss\\\/\",\"name\":\"ESCAPE HUNT BERGEN - Bergen\",\"isPartOf\":{\"@id\":\"https:\\\/\\\/escapehunt.com\\\/no\\\/bergen\\\/#website\"},\"datePublished\":\"2018-09-12T11:41:40+00:00\",\"dateModified\":\"2021-10-27T13:29:59+00:00\",\"breadcrumb\":{\"@id\":\"https:\\\/\\\/escapehunt.com\\\/no\\\/bergen\\\/finn-oss\\\/#breadcrumb\"},\"inLanguage\":\"nb-NO\",\"potentialAction\":[{\"@type\":\"ReadAction\",\"target\":[\"https:\\\/\\\/escapehunt.com\\\/no\\\/bergen\\\/finn-oss\\\/\"]}]},{\"@type\":\"BreadcrumbList\",\"@id\":\"https:\\\/\\\/escapehunt.com\\\/no\\\/bergen\\\/finn-oss\\\/#breadcrumb\",\"itemListElement\":[{\"@type\":\"ListItem\",\"position\":1,\"name\":\"Home\",\"item\":\"https:\\\/\\\/escapehunt.com\\\/no\\\/bergen\\\/\"},{\"@type\":\"ListItem\",\"position\":2,\"name\":\"ESCAPE HUNT BERGEN\"}]},{\"@type\":\"WebSite\",\"@id\":\"https:\\\/\\\/escapehunt.com\\\/no\\\/bergen\\\/#website\",\"url\":\"https:\\\/\\\/escapehunt.com\\\/no\\\/bergen\\\/\",\"name\":\"Bergen\",\"description\":\"Escape Hunt Bergen - Bergen&#039;s Most Exciting Escape Room Experience\",\"potentialAction\":[{\"@type\":\"SearchAction\",\"target\":{\"@type\":\"EntryPoint\",\"urlTemplate\":\"https:\\\/\\\/escapehunt.com\\\/no\\\/bergen\\\/?s={search_term_string}\"},\"query-input\":{\"@type\":\"PropertyValueSpecification\",\"valueRequired\":true,\"valueName\":\"search_term_string\"}}],\"inLanguage\":\"nb-NO\"}]}<\/script>\n<!-- \/ Yoast SEO plugin. -->","yoast_head_json":{"title":"ESCAPE HUNT BERGEN - Bergen","robots":{"index":"noindex","follow":"follow","max-snippet":"max-snippet:-1","max-image-preview":"max-image-preview:large","max-video-preview":"max-video-preview:-1"},"og_locale":"nb_NO","og_type":"article","og_title":"ESCAPE HUNT BERGEN - Bergen","og_description":"Du finner oss i Strandgaten 7 i sentrum, rett ved Torgallmenningen. Se etter Escape Hunt skiltet mellom Burger King og Granit, vi holder til i 2. etg. &nbsp; MED BUSS&hellip;","og_url":"https:\/\/escapehunt.com\/no\/bergen\/finn-oss\/","og_site_name":"Bergen","article_modified_time":"2021-10-27T13:29:59+00:00","twitter_card":"summary_large_image","schema":{"@context":"https:\/\/schema.org","@graph":[{"@type":"WebPage","@id":"https:\/\/escapehunt.com\/no\/bergen\/finn-oss\/","url":"https:\/\/escapehunt.com\/no\/bergen\/finn-oss\/","name":"ESCAPE HUNT BERGEN - Bergen","isPartOf":{"@id":"https:\/\/escapehunt.com\/no\/bergen\/#website"},"datePublished":"2018-09-12T11:41:40+00:00","dateModified":"2021-10-27T13:29:59+00:00","breadcrumb":{"@id":"https:\/\/escapehunt.com\/no\/bergen\/finn-oss\/#breadcrumb"},"inLanguage":"nb-NO","potentialAction":[{"@type":"ReadAction","target":["https:\/\/escapehunt.com\/no\/bergen\/finn-oss\/"]}]},{"@type":"BreadcrumbList","@id":"https:\/\/escapehunt.com\/no\/bergen\/finn-oss\/#breadcrumb","itemListElement":[{"@type":"ListItem","position":1,"name":"Home","item":"https:\/\/escapehunt.com\/no\/bergen\/"},{"@type":"ListItem","position":2,"name":"ESCAPE HUNT BERGEN"}]},{"@type":"WebSite","@id":"https:\/\/escapehunt.com\/no\/bergen\/#website","url":"https:\/\/escapehunt.com\/no\/bergen\/","name":"Bergen","description":"Escape Hunt Bergen - Bergen&#039;s Most Exciting Escape Room Experience","potentialAction":[{"@type":"SearchAction","target":{"@type":"EntryPoint","urlTemplate":"https:\/\/escapehunt.com\/no\/bergen\/?s={search_term_string}"},"query-input":{"@type":"PropertyValueSpecification","valueRequired":true,"valueName":"search_term_string"}}],"inLanguage":"nb-NO"}]}},"custom_schema_json":"","_links":{"self":[{"href":"https:\/\/staging3.escapehunt.com\/no\/bergen\/wp-json\/wp\/v2\/pages\/421","targetHints":{"allow":["GET"]}}],"collection":[{"href":"https:\/\/staging3.escapehunt.com\/no\/bergen\/wp-json\/wp\/v2\/pages"}],"about":[{"href":"https:\/\/staging3.escapehunt.com\/no\/bergen\/wp-json\/wp\/v2\/types\/page"}],"author":[{"embeddable":true,"href":"https:\/\/staging3.escapehunt.com\/no\/bergen\/wp-json\/wp\/v2\/users\/19"}],"replies":[{"embeddable":true,"href":"https:\/\/staging3.escapehunt.com\/no\/bergen\/wp-json\/wp\/v2\/comments?post=421"}],"version-history":[{"count":0,"href":"https:\/\/staging3.escapehunt.com\/no\/bergen\/wp-json\/wp\/v2\/pages\/421\/revisions"}],"wp:attachment":[{"href":"https:\/\/staging3.escapehunt.com\/no\/bergen\/wp-json\/wp\/v2\/media?parent=421"}],"curies":[{"name":"wp","href":"https:\/\/api.w.org\/{rel}","templated":true}]}}