{"id":181,"date":"2018-08-03T11:41:54","date_gmt":"2018-08-03T11:41:54","guid":{"rendered":"http:\/\/s27835.p712.sites.pressdns.com\/no\/oslo\/?page_id=181"},"modified":"2023-09-18T10:42:14","modified_gmt":"2023-09-18T08:42:14","slug":"sosiale-arrangement","status":"publish","type":"page","link":"https:\/\/staging3.escapehunt.com\/no\/trondheim\/sosiale-arrangement\/","title":{"rendered":"SOSIALE ARRANGEMENT"},"content":{"rendered":"<p>Hos Escape Hunt er vi eksperter n\u00e5r det kommer til \u00e5 arrangere fester og sosiale sammenkomster du ikke har sett maken til. Uansett hva du planlegger, kan du gj\u00f8re arrangementet et hakk bedre ved \u00e5 holde det hos oss.<\/p>\n<p>Vi ordner ogs\u00e5 mat, hvis dere \u00f8nsker det som en del av arrangementet hos oss. Hva med en tapas lunsj (minimum 12 retter) for kr. 245,- pr.deltaker, eller hhv. sm\u00e5godt \/ fruktfat \/ fersk bakst kr. 39,- pr.deltaker (inkl. mva.)\u00a0Annen servering og\/eller mineralvann er tilgjengelig p\u00e5 foresp\u00f8rsel.<\/p>\n","protected":false},"excerpt":{"rendered":"<p>Hos Escape Hunt er vi eksperter n\u00e5r det kommer til \u00e5 arrangere fester og sosiale sammenkomster du ikke har sett maken til. Uansett hva du planlegger, kan du gj\u00f8re arrangementet&hellip;<\/p>\n","protected":false},"author":19,"featured_media":0,"parent":0,"menu_order":0,"comment_status":"closed","ping_status":"closed","template":"views\/social-events.php","meta":{"_acf_changed":false,"footnotes":""},"class_list":["post-181","page","type-page","status-publish","hentry"],"acf":{"custom_schema_json":""},"yoast_head":"<!-- This site is optimized with the Yoast SEO plugin v27.3 - https:\/\/yoast.com\/product\/yoast-seo-wordpress\/ -->\n<title>SOSIALE ARRANGEMENT - Trondheim<\/title>\n<meta name=\"robots\" content=\"noindex, follow, max-snippet:-1, max-image-preview:large, max-video-preview:-1\" \/>\n<meta property=\"og:locale\" content=\"nb_NO\" \/>\n<meta property=\"og:type\" content=\"article\" \/>\n<meta property=\"og:title\" content=\"SOSIALE ARRANGEMENT - Trondheim\" \/>\n<meta property=\"og:description\" content=\"Hos Escape Hunt er vi eksperter n\u00e5r det kommer til \u00e5 arrangere fester og sosiale sammenkomster du ikke har sett maken til. Uansett hva du planlegger, kan du gj\u00f8re arrangementet&hellip;\" \/>\n<meta property=\"og:url\" content=\"https:\/\/escapehunt.com\/no\/trondheim\/sosiale-arrangement\/\" \/>\n<meta property=\"og:site_name\" content=\"Trondheim\" \/>\n<meta property=\"article:modified_time\" content=\"2023-09-18T08:42:14+00:00\" \/>\n<meta name=\"twitter:card\" content=\"summary_large_image\" \/>\n<meta name=\"twitter:label1\" content=\"Ansl. lesetid\" \/>\n\t<meta name=\"twitter:data1\" content=\"1 minutt\" \/>\n<script type=\"application\/ld+json\" class=\"yoast-schema-graph\">{\"@context\":\"https:\\\/\\\/schema.org\",\"@graph\":[{\"@type\":\"WebPage\",\"@id\":\"https:\\\/\\\/escapehunt.com\\\/no\\\/trondheim\\\/sosiale-arrangement\\\/\",\"url\":\"https:\\\/\\\/escapehunt.com\\\/no\\\/trondheim\\\/sosiale-arrangement\\\/\",\"name\":\"SOSIALE ARRANGEMENT - Trondheim\",\"isPartOf\":{\"@id\":\"https:\\\/\\\/escapehunt.com\\\/no\\\/trondheim\\\/#website\"},\"datePublished\":\"2018-08-03T11:41:54+00:00\",\"dateModified\":\"2023-09-18T08:42:14+00:00\",\"breadcrumb\":{\"@id\":\"https:\\\/\\\/escapehunt.com\\\/no\\\/trondheim\\\/sosiale-arrangement\\\/#breadcrumb\"},\"inLanguage\":\"nb-NO\",\"potentialAction\":[{\"@type\":\"ReadAction\",\"target\":[\"https:\\\/\\\/escapehunt.com\\\/no\\\/trondheim\\\/sosiale-arrangement\\\/\"]}]},{\"@type\":\"BreadcrumbList\",\"@id\":\"https:\\\/\\\/escapehunt.com\\\/no\\\/trondheim\\\/sosiale-arrangement\\\/#breadcrumb\",\"itemListElement\":[{\"@type\":\"ListItem\",\"position\":1,\"name\":\"Home\",\"item\":\"https:\\\/\\\/escapehunt.com\\\/no\\\/trondheim\\\/\"},{\"@type\":\"ListItem\",\"position\":2,\"name\":\"SOSIALE ARRANGEMENT\"}]},{\"@type\":\"WebSite\",\"@id\":\"https:\\\/\\\/escapehunt.com\\\/no\\\/trondheim\\\/#website\",\"url\":\"https:\\\/\\\/escapehunt.com\\\/no\\\/trondheim\\\/\",\"name\":\"Trondheim\",\"description\":\"Escape Hunt Trondheim - Trondheim&#039;s Most Exciting Escape Room Experience\",\"potentialAction\":[{\"@type\":\"SearchAction\",\"target\":{\"@type\":\"EntryPoint\",\"urlTemplate\":\"https:\\\/\\\/escapehunt.com\\\/no\\\/trondheim\\\/?s={search_term_string}\"},\"query-input\":{\"@type\":\"PropertyValueSpecification\",\"valueRequired\":true,\"valueName\":\"search_term_string\"}}],\"inLanguage\":\"nb-NO\"}]}<\/script>\n<!-- \/ Yoast SEO plugin. -->","yoast_head_json":{"title":"SOSIALE ARRANGEMENT - Trondheim","robots":{"index":"noindex","follow":"follow","max-snippet":"max-snippet:-1","max-image-preview":"max-image-preview:large","max-video-preview":"max-video-preview:-1"},"og_locale":"nb_NO","og_type":"article","og_title":"SOSIALE ARRANGEMENT - Trondheim","og_description":"Hos Escape Hunt er vi eksperter n\u00e5r det kommer til \u00e5 arrangere fester og sosiale sammenkomster du ikke har sett maken til. Uansett hva du planlegger, kan du gj\u00f8re arrangementet&hellip;","og_url":"https:\/\/escapehunt.com\/no\/trondheim\/sosiale-arrangement\/","og_site_name":"Trondheim","article_modified_time":"2023-09-18T08:42:14+00:00","twitter_card":"summary_large_image","twitter_misc":{"Ansl. lesetid":"1 minutt"},"schema":{"@context":"https:\/\/schema.org","@graph":[{"@type":"WebPage","@id":"https:\/\/escapehunt.com\/no\/trondheim\/sosiale-arrangement\/","url":"https:\/\/escapehunt.com\/no\/trondheim\/sosiale-arrangement\/","name":"SOSIALE ARRANGEMENT - Trondheim","isPartOf":{"@id":"https:\/\/escapehunt.com\/no\/trondheim\/#website"},"datePublished":"2018-08-03T11:41:54+00:00","dateModified":"2023-09-18T08:42:14+00:00","breadcrumb":{"@id":"https:\/\/escapehunt.com\/no\/trondheim\/sosiale-arrangement\/#breadcrumb"},"inLanguage":"nb-NO","potentialAction":[{"@type":"ReadAction","target":["https:\/\/escapehunt.com\/no\/trondheim\/sosiale-arrangement\/"]}]},{"@type":"BreadcrumbList","@id":"https:\/\/escapehunt.com\/no\/trondheim\/sosiale-arrangement\/#breadcrumb","itemListElement":[{"@type":"ListItem","position":1,"name":"Home","item":"https:\/\/escapehunt.com\/no\/trondheim\/"},{"@type":"ListItem","position":2,"name":"SOSIALE ARRANGEMENT"}]},{"@type":"WebSite","@id":"https:\/\/escapehunt.com\/no\/trondheim\/#website","url":"https:\/\/escapehunt.com\/no\/trondheim\/","name":"Trondheim","description":"Escape Hunt Trondheim - Trondheim&#039;s Most Exciting Escape Room Experience","potentialAction":[{"@type":"SearchAction","target":{"@type":"EntryPoint","urlTemplate":"https:\/\/escapehunt.com\/no\/trondheim\/?s={search_term_string}"},"query-input":{"@type":"PropertyValueSpecification","valueRequired":true,"valueName":"search_term_string"}}],"inLanguage":"nb-NO"}]}},"custom_schema_json":"","_links":{"self":[{"href":"https:\/\/staging3.escapehunt.com\/no\/trondheim\/wp-json\/wp\/v2\/pages\/181","targetHints":{"allow":["GET"]}}],"collection":[{"href":"https:\/\/staging3.escapehunt.com\/no\/trondheim\/wp-json\/wp\/v2\/pages"}],"about":[{"href":"https:\/\/staging3.escapehunt.com\/no\/trondheim\/wp-json\/wp\/v2\/types\/page"}],"author":[{"embeddable":true,"href":"https:\/\/staging3.escapehunt.com\/no\/trondheim\/wp-json\/wp\/v2\/users\/19"}],"replies":[{"embeddable":true,"href":"https:\/\/staging3.escapehunt.com\/no\/trondheim\/wp-json\/wp\/v2\/comments?post=181"}],"version-history":[{"count":0,"href":"https:\/\/staging3.escapehunt.com\/no\/trondheim\/wp-json\/wp\/v2\/pages\/181\/revisions"}],"wp:attachment":[{"href":"https:\/\/staging3.escapehunt.com\/no\/trondheim\/wp-json\/wp\/v2\/media?parent=181"}],"curies":[{"name":"wp","href":"https:\/\/api.w.org\/{rel}","templated":true}]}}