{"id":187,"date":"2018-08-03T12:00:32","date_gmt":"2018-08-03T12:00:32","guid":{"rendered":"http:\/\/s27835.p712.sites.pressdns.com\/no\/oslo\/?page_id=187"},"modified":"2019-03-19T12:04:55","modified_gmt":"2019-03-19T11:04:55","slug":"jobbe-hos-escape-hunt","status":"publish","type":"page","link":"https:\/\/staging3.escapehunt.com\/no\/trondheim\/jobbe-hos-escape-hunt\/","title":{"rendered":"JOBBE HOS ESCAPE HUNT"},"content":{"rendered":"<p>Er du interessert i \u00e5 bli en del av det fabelaktige og stadig voksende Escape Hunt-teamet?<br \/>\nLes videre for \u00e5 se hvilke ledige jobber vi har for \u00f8yeblikket.<\/p>\n<p>&nbsp;<\/p>\n<p>VI S\u00d8KER GAME MASTERE<br \/>\nEr du interessert, eller kjenner noen som er interessert i \u00e5 jobbe med escape rooms?<br \/>\nDel gjerne!<\/p>\n<p>Vi ser etter utadvendte personer som:<br \/>\n-Er bosatt i Trondheim<span class=\"text_exposed_show\"><br \/>\n-Har evne til \u00e5 engasjere<br \/>\n-Har humoristisk sans<br \/>\n-&laquo;Tar rommet&raquo;<br \/>\n-Er p\u00e5litelig, punktlig og ansvarsfull<br \/>\n-Er komfortabel med \u00e5 lede en gruppe gjester<br \/>\n-Snakker flytende norsk og engelsk<br \/>\n-Har erfaring fra servicebransjen<br \/>\nJobben som gamemaster er en fleksibel deltidsjobb.<br \/>\nVi vil trenge game mastere p\u00e5 dagtid, kveldstid og i helger &#8211; b\u00e5de p\u00e5 korte og lengre skift<\/span><\/p>\n<div class=\"text_exposed_show\">\n<p>Er du glad i \u00e5 engasjere og motivere mennesker, og klar for \u00e5 bli en del av teamet v\u00e5rt?<span class=\"_5mfr\"><span class=\"_6qdm\">?\ufe0f\u200d\u2640\ufe0f<\/span><\/span><br \/>\nKontakt Manager: trondheim.manager@escapehunt.com<\/p>\n<\/div>\n","protected":false},"excerpt":{"rendered":"<p>Er du interessert i \u00e5 bli en del av det fabelaktige og stadig voksende Escape Hunt-teamet? Les videre for \u00e5 se hvilke ledige jobber vi har for \u00f8yeblikket. &nbsp; VI&hellip;<\/p>\n","protected":false},"author":19,"featured_media":0,"parent":0,"menu_order":0,"comment_status":"closed","ping_status":"closed","template":"views\/careers.php","meta":{"_acf_changed":false,"footnotes":""},"class_list":["post-187","page","type-page","status-publish","hentry"],"acf":{"custom_schema_json":""},"yoast_head":"<!-- This site is optimized with the Yoast SEO plugin v27.3 - https:\/\/yoast.com\/product\/yoast-seo-wordpress\/ -->\n<title>JOBBE HOS ESCAPE HUNT - Trondheim<\/title>\n<meta name=\"robots\" content=\"noindex, follow, max-snippet:-1, max-image-preview:large, max-video-preview:-1\" \/>\n<meta property=\"og:locale\" content=\"nb_NO\" \/>\n<meta property=\"og:type\" content=\"article\" \/>\n<meta property=\"og:title\" content=\"JOBBE HOS ESCAPE HUNT - Trondheim\" \/>\n<meta property=\"og:description\" content=\"Er du interessert i \u00e5 bli en del av det fabelaktige og stadig voksende Escape Hunt-teamet? Les videre for \u00e5 se hvilke ledige jobber vi har for \u00f8yeblikket. &nbsp; VI&hellip;\" \/>\n<meta property=\"og:url\" content=\"https:\/\/escapehunt.com\/no\/trondheim\/jobbe-hos-escape-hunt\/\" \/>\n<meta property=\"og:site_name\" content=\"Trondheim\" \/>\n<meta property=\"article:modified_time\" content=\"2019-03-19T11:04:55+00:00\" \/>\n<meta name=\"twitter:card\" content=\"summary_large_image\" \/>\n<meta name=\"twitter:label1\" content=\"Ansl. lesetid\" \/>\n\t<meta name=\"twitter:data1\" content=\"1 minutt\" \/>\n<script type=\"application\/ld+json\" class=\"yoast-schema-graph\">{\"@context\":\"https:\\\/\\\/schema.org\",\"@graph\":[{\"@type\":\"WebPage\",\"@id\":\"https:\\\/\\\/escapehunt.com\\\/no\\\/trondheim\\\/jobbe-hos-escape-hunt\\\/\",\"url\":\"https:\\\/\\\/escapehunt.com\\\/no\\\/trondheim\\\/jobbe-hos-escape-hunt\\\/\",\"name\":\"JOBBE HOS ESCAPE HUNT - Trondheim\",\"isPartOf\":{\"@id\":\"https:\\\/\\\/escapehunt.com\\\/no\\\/trondheim\\\/#website\"},\"datePublished\":\"2018-08-03T12:00:32+00:00\",\"dateModified\":\"2019-03-19T11:04:55+00:00\",\"breadcrumb\":{\"@id\":\"https:\\\/\\\/escapehunt.com\\\/no\\\/trondheim\\\/jobbe-hos-escape-hunt\\\/#breadcrumb\"},\"inLanguage\":\"nb-NO\",\"potentialAction\":[{\"@type\":\"ReadAction\",\"target\":[\"https:\\\/\\\/escapehunt.com\\\/no\\\/trondheim\\\/jobbe-hos-escape-hunt\\\/\"]}]},{\"@type\":\"BreadcrumbList\",\"@id\":\"https:\\\/\\\/escapehunt.com\\\/no\\\/trondheim\\\/jobbe-hos-escape-hunt\\\/#breadcrumb\",\"itemListElement\":[{\"@type\":\"ListItem\",\"position\":1,\"name\":\"Home\",\"item\":\"https:\\\/\\\/escapehunt.com\\\/no\\\/trondheim\\\/\"},{\"@type\":\"ListItem\",\"position\":2,\"name\":\"JOBBE HOS ESCAPE HUNT\"}]},{\"@type\":\"WebSite\",\"@id\":\"https:\\\/\\\/escapehunt.com\\\/no\\\/trondheim\\\/#website\",\"url\":\"https:\\\/\\\/escapehunt.com\\\/no\\\/trondheim\\\/\",\"name\":\"Trondheim\",\"description\":\"Escape Hunt Trondheim - Trondheim&#039;s Most Exciting Escape Room Experience\",\"potentialAction\":[{\"@type\":\"SearchAction\",\"target\":{\"@type\":\"EntryPoint\",\"urlTemplate\":\"https:\\\/\\\/escapehunt.com\\\/no\\\/trondheim\\\/?s={search_term_string}\"},\"query-input\":{\"@type\":\"PropertyValueSpecification\",\"valueRequired\":true,\"valueName\":\"search_term_string\"}}],\"inLanguage\":\"nb-NO\"}]}<\/script>\n<!-- \/ Yoast SEO plugin. -->","yoast_head_json":{"title":"JOBBE HOS ESCAPE HUNT - Trondheim","robots":{"index":"noindex","follow":"follow","max-snippet":"max-snippet:-1","max-image-preview":"max-image-preview:large","max-video-preview":"max-video-preview:-1"},"og_locale":"nb_NO","og_type":"article","og_title":"JOBBE HOS ESCAPE HUNT - Trondheim","og_description":"Er du interessert i \u00e5 bli en del av det fabelaktige og stadig voksende Escape Hunt-teamet? Les videre for \u00e5 se hvilke ledige jobber vi har for \u00f8yeblikket. &nbsp; VI&hellip;","og_url":"https:\/\/escapehunt.com\/no\/trondheim\/jobbe-hos-escape-hunt\/","og_site_name":"Trondheim","article_modified_time":"2019-03-19T11:04:55+00:00","twitter_card":"summary_large_image","twitter_misc":{"Ansl. lesetid":"1 minutt"},"schema":{"@context":"https:\/\/schema.org","@graph":[{"@type":"WebPage","@id":"https:\/\/escapehunt.com\/no\/trondheim\/jobbe-hos-escape-hunt\/","url":"https:\/\/escapehunt.com\/no\/trondheim\/jobbe-hos-escape-hunt\/","name":"JOBBE HOS ESCAPE HUNT - Trondheim","isPartOf":{"@id":"https:\/\/escapehunt.com\/no\/trondheim\/#website"},"datePublished":"2018-08-03T12:00:32+00:00","dateModified":"2019-03-19T11:04:55+00:00","breadcrumb":{"@id":"https:\/\/escapehunt.com\/no\/trondheim\/jobbe-hos-escape-hunt\/#breadcrumb"},"inLanguage":"nb-NO","potentialAction":[{"@type":"ReadAction","target":["https:\/\/escapehunt.com\/no\/trondheim\/jobbe-hos-escape-hunt\/"]}]},{"@type":"BreadcrumbList","@id":"https:\/\/escapehunt.com\/no\/trondheim\/jobbe-hos-escape-hunt\/#breadcrumb","itemListElement":[{"@type":"ListItem","position":1,"name":"Home","item":"https:\/\/escapehunt.com\/no\/trondheim\/"},{"@type":"ListItem","position":2,"name":"JOBBE HOS ESCAPE HUNT"}]},{"@type":"WebSite","@id":"https:\/\/escapehunt.com\/no\/trondheim\/#website","url":"https:\/\/escapehunt.com\/no\/trondheim\/","name":"Trondheim","description":"Escape Hunt Trondheim - Trondheim&#039;s Most Exciting Escape Room Experience","potentialAction":[{"@type":"SearchAction","target":{"@type":"EntryPoint","urlTemplate":"https:\/\/escapehunt.com\/no\/trondheim\/?s={search_term_string}"},"query-input":{"@type":"PropertyValueSpecification","valueRequired":true,"valueName":"search_term_string"}}],"inLanguage":"nb-NO"}]}},"custom_schema_json":"","_links":{"self":[{"href":"https:\/\/staging3.escapehunt.com\/no\/trondheim\/wp-json\/wp\/v2\/pages\/187","targetHints":{"allow":["GET"]}}],"collection":[{"href":"https:\/\/staging3.escapehunt.com\/no\/trondheim\/wp-json\/wp\/v2\/pages"}],"about":[{"href":"https:\/\/staging3.escapehunt.com\/no\/trondheim\/wp-json\/wp\/v2\/types\/page"}],"author":[{"embeddable":true,"href":"https:\/\/staging3.escapehunt.com\/no\/trondheim\/wp-json\/wp\/v2\/users\/19"}],"replies":[{"embeddable":true,"href":"https:\/\/staging3.escapehunt.com\/no\/trondheim\/wp-json\/wp\/v2\/comments?post=187"}],"version-history":[{"count":0,"href":"https:\/\/staging3.escapehunt.com\/no\/trondheim\/wp-json\/wp\/v2\/pages\/187\/revisions"}],"wp:attachment":[{"href":"https:\/\/staging3.escapehunt.com\/no\/trondheim\/wp-json\/wp\/v2\/media?parent=187"}],"curies":[{"name":"wp","href":"https:\/\/api.w.org\/{rel}","templated":true}]}}