{"id":3808,"date":"2020-04-27T17:07:44","date_gmt":"2020-04-27T15:07:44","guid":{"rendered":"https:\/\/staging3.escapehunt.com\/no\/trondheim\/?page_id=3808"},"modified":"2024-06-10T11:57:15","modified_gmt":"2024-06-10T09:57:15","slug":"hjemmespill","status":"publish","type":"page","link":"https:\/\/staging3.escapehunt.com\/no\/trondheim\/hjemmespill\/","title":{"rendered":"HJEMMESPILL"},"content":{"rendered":"<p>&nbsp;<\/p>\n<h3 style=\"color: #eb5c2e;\">OPPLEVELSEN STARTER HJEMME!<\/h3>\n<p>Vi bringer v\u00e5re 5* eventyr hjem til deg, s\u00e5 du kan spille med venner, familie eller arbeidskolleger. Last ned, skriv ut og se om dere har det som trengs for \u00e5 l\u00f8se disse mysteriene&#8230;<br \/>\nSpillene egner deg godt for Teams, Messenger eller andre online plattformer &#8211; vi har spilt de p\u00e5 denne m\u00e5ten mellom Oslo, Bergen, Trondheim og Hemsedal f\u00f8r lansering!<br \/>\n(Spillene er p\u00e5 engelsk)<\/p>\n<p>&nbsp;<\/p>\n","protected":false},"excerpt":{"rendered":"<p>&nbsp; OPPLEVELSEN STARTER HJEMME! Vi bringer v\u00e5re 5* eventyr hjem til deg, s\u00e5 du kan spille med venner, familie eller arbeidskolleger. Last ned, skriv ut og se om dere har&hellip;<\/p>\n","protected":false},"author":104,"featured_media":0,"parent":0,"menu_order":0,"comment_status":"closed","ping_status":"closed","template":"views\/kids-package.php","meta":{"_acf_changed":false,"footnotes":""},"class_list":["post-3808","page","type-page","status-publish","hentry"],"acf":{"custom_schema_json":""},"yoast_head":"<!-- This site is optimized with the Yoast SEO plugin v27.3 - https:\/\/yoast.com\/product\/yoast-seo-wordpress\/ -->\n<title>HJEMMESPILL - Trondheim<\/title>\n<meta name=\"robots\" content=\"noindex, follow, max-snippet:-1, max-image-preview:large, max-video-preview:-1\" \/>\n<meta property=\"og:locale\" content=\"nb_NO\" \/>\n<meta property=\"og:type\" content=\"article\" \/>\n<meta property=\"og:title\" content=\"HJEMMESPILL - Trondheim\" \/>\n<meta property=\"og:description\" content=\"&nbsp; OPPLEVELSEN STARTER HJEMME! Vi bringer v\u00e5re 5* eventyr hjem til deg, s\u00e5 du kan spille med venner, familie eller arbeidskolleger. Last ned, skriv ut og se om dere har&hellip;\" \/>\n<meta property=\"og:url\" content=\"https:\/\/escapehunt.com\/no\/trondheim\/hjemmespill\/\" \/>\n<meta property=\"og:site_name\" content=\"Trondheim\" \/>\n<meta property=\"article:modified_time\" content=\"2024-06-10T09:57:15+00:00\" \/>\n<meta name=\"twitter:card\" content=\"summary_large_image\" \/>\n<meta name=\"twitter:label1\" content=\"Ansl. lesetid\" \/>\n\t<meta name=\"twitter:data1\" content=\"1 minutt\" \/>\n<script type=\"application\/ld+json\" class=\"yoast-schema-graph\">{\"@context\":\"https:\\\/\\\/schema.org\",\"@graph\":[{\"@type\":\"WebPage\",\"@id\":\"https:\\\/\\\/escapehunt.com\\\/no\\\/trondheim\\\/hjemmespill\\\/\",\"url\":\"https:\\\/\\\/escapehunt.com\\\/no\\\/trondheim\\\/hjemmespill\\\/\",\"name\":\"HJEMMESPILL - Trondheim\",\"isPartOf\":{\"@id\":\"https:\\\/\\\/escapehunt.com\\\/no\\\/trondheim\\\/#website\"},\"datePublished\":\"2020-04-27T15:07:44+00:00\",\"dateModified\":\"2024-06-10T09:57:15+00:00\",\"breadcrumb\":{\"@id\":\"https:\\\/\\\/escapehunt.com\\\/no\\\/trondheim\\\/hjemmespill\\\/#breadcrumb\"},\"inLanguage\":\"nb-NO\",\"potentialAction\":[{\"@type\":\"ReadAction\",\"target\":[\"https:\\\/\\\/escapehunt.com\\\/no\\\/trondheim\\\/hjemmespill\\\/\"]}]},{\"@type\":\"BreadcrumbList\",\"@id\":\"https:\\\/\\\/escapehunt.com\\\/no\\\/trondheim\\\/hjemmespill\\\/#breadcrumb\",\"itemListElement\":[{\"@type\":\"ListItem\",\"position\":1,\"name\":\"Home\",\"item\":\"https:\\\/\\\/escapehunt.com\\\/no\\\/trondheim\\\/\"},{\"@type\":\"ListItem\",\"position\":2,\"name\":\"HJEMMESPILL\"}]},{\"@type\":\"WebSite\",\"@id\":\"https:\\\/\\\/escapehunt.com\\\/no\\\/trondheim\\\/#website\",\"url\":\"https:\\\/\\\/escapehunt.com\\\/no\\\/trondheim\\\/\",\"name\":\"Trondheim\",\"description\":\"Escape Hunt Trondheim - Trondheim&#039;s Most Exciting Escape Room Experience\",\"potentialAction\":[{\"@type\":\"SearchAction\",\"target\":{\"@type\":\"EntryPoint\",\"urlTemplate\":\"https:\\\/\\\/escapehunt.com\\\/no\\\/trondheim\\\/?s={search_term_string}\"},\"query-input\":{\"@type\":\"PropertyValueSpecification\",\"valueRequired\":true,\"valueName\":\"search_term_string\"}}],\"inLanguage\":\"nb-NO\"}]}<\/script>\n<!-- \/ Yoast SEO plugin. -->","yoast_head_json":{"title":"HJEMMESPILL - Trondheim","robots":{"index":"noindex","follow":"follow","max-snippet":"max-snippet:-1","max-image-preview":"max-image-preview:large","max-video-preview":"max-video-preview:-1"},"og_locale":"nb_NO","og_type":"article","og_title":"HJEMMESPILL - Trondheim","og_description":"&nbsp; OPPLEVELSEN STARTER HJEMME! Vi bringer v\u00e5re 5* eventyr hjem til deg, s\u00e5 du kan spille med venner, familie eller arbeidskolleger. Last ned, skriv ut og se om dere har&hellip;","og_url":"https:\/\/escapehunt.com\/no\/trondheim\/hjemmespill\/","og_site_name":"Trondheim","article_modified_time":"2024-06-10T09:57:15+00:00","twitter_card":"summary_large_image","twitter_misc":{"Ansl. lesetid":"1 minutt"},"schema":{"@context":"https:\/\/schema.org","@graph":[{"@type":"WebPage","@id":"https:\/\/escapehunt.com\/no\/trondheim\/hjemmespill\/","url":"https:\/\/escapehunt.com\/no\/trondheim\/hjemmespill\/","name":"HJEMMESPILL - Trondheim","isPartOf":{"@id":"https:\/\/escapehunt.com\/no\/trondheim\/#website"},"datePublished":"2020-04-27T15:07:44+00:00","dateModified":"2024-06-10T09:57:15+00:00","breadcrumb":{"@id":"https:\/\/escapehunt.com\/no\/trondheim\/hjemmespill\/#breadcrumb"},"inLanguage":"nb-NO","potentialAction":[{"@type":"ReadAction","target":["https:\/\/escapehunt.com\/no\/trondheim\/hjemmespill\/"]}]},{"@type":"BreadcrumbList","@id":"https:\/\/escapehunt.com\/no\/trondheim\/hjemmespill\/#breadcrumb","itemListElement":[{"@type":"ListItem","position":1,"name":"Home","item":"https:\/\/escapehunt.com\/no\/trondheim\/"},{"@type":"ListItem","position":2,"name":"HJEMMESPILL"}]},{"@type":"WebSite","@id":"https:\/\/escapehunt.com\/no\/trondheim\/#website","url":"https:\/\/escapehunt.com\/no\/trondheim\/","name":"Trondheim","description":"Escape Hunt Trondheim - Trondheim&#039;s Most Exciting Escape Room Experience","potentialAction":[{"@type":"SearchAction","target":{"@type":"EntryPoint","urlTemplate":"https:\/\/escapehunt.com\/no\/trondheim\/?s={search_term_string}"},"query-input":{"@type":"PropertyValueSpecification","valueRequired":true,"valueName":"search_term_string"}}],"inLanguage":"nb-NO"}]}},"custom_schema_json":"","_links":{"self":[{"href":"https:\/\/staging3.escapehunt.com\/no\/trondheim\/wp-json\/wp\/v2\/pages\/3808","targetHints":{"allow":["GET"]}}],"collection":[{"href":"https:\/\/staging3.escapehunt.com\/no\/trondheim\/wp-json\/wp\/v2\/pages"}],"about":[{"href":"https:\/\/staging3.escapehunt.com\/no\/trondheim\/wp-json\/wp\/v2\/types\/page"}],"author":[{"embeddable":true,"href":"https:\/\/staging3.escapehunt.com\/no\/trondheim\/wp-json\/wp\/v2\/users\/104"}],"replies":[{"embeddable":true,"href":"https:\/\/staging3.escapehunt.com\/no\/trondheim\/wp-json\/wp\/v2\/comments?post=3808"}],"version-history":[{"count":0,"href":"https:\/\/staging3.escapehunt.com\/no\/trondheim\/wp-json\/wp\/v2\/pages\/3808\/revisions"}],"wp:attachment":[{"href":"https:\/\/staging3.escapehunt.com\/no\/trondheim\/wp-json\/wp\/v2\/media?parent=3808"}],"curies":[{"name":"wp","href":"https:\/\/api.w.org\/{rel}","templated":true}]}}