{"id":329,"date":"2019-04-02T16:15:41","date_gmt":"2019-04-02T16:15:41","guid":{"rendered":"https:\/\/staging3.escapehunt.com\/pt\/lisbon\/?page_id=329"},"modified":"2020-05-20T12:51:52","modified_gmt":"2020-05-20T12:51:52","slug":"escape-hunt-lisbon","status":"publish","type":"page","link":"https:\/\/staging3.escapehunt.com\/pt\/lisbon\/escape-hunt-lisbon\/","title":{"rendered":"ESCAPE HUNT LISBON"},"content":{"rendered":"<p>Encontra-nos na Baixa, no cora\u00e7\u00e3o de Lisboa<\/p>\n<p>&nbsp;<\/p>\n<p><strong>DE METRO<\/strong><br \/>\nAs esta\u00e7\u00f5es de metro mais pr\u00f3ximas s\u00e3o a Baixa-Chiado (Linhas Verde e Azul), o Terreiro do Pa\u00e7o (Linha Azul) ou o Rossio (Linha Verde).<\/p>\n<p>Est\u00e3o a 5 \/ 10 minutos a p\u00e9 de qualquer uma destas esta\u00e7\u00f5es.<\/p>\n","protected":false},"excerpt":{"rendered":"<p>Encontra-nos na Baixa, no cora\u00e7\u00e3o de Lisboa &nbsp; DE METRO As esta\u00e7\u00f5es de metro mais pr\u00f3ximas s\u00e3o a Baixa-Chiado (Linhas Verde e Azul), o Terreiro do Pa\u00e7o (Linha Azul) ou&hellip;<\/p>\n","protected":false},"author":19,"featured_media":0,"parent":0,"menu_order":0,"comment_status":"closed","ping_status":"closed","template":"views\/find-us.php","meta":{"_acf_changed":false,"footnotes":""},"class_list":["post-329","page","type-page","status-publish","hentry"],"acf":{"custom_schema_json":""},"yoast_head":"<!-- This site is optimized with the Yoast SEO plugin v27.3 - https:\/\/yoast.com\/product\/yoast-seo-wordpress\/ -->\n<title>ESCAPE HUNT LISBON - Lisbon<\/title>\n<meta name=\"robots\" content=\"noindex, follow, max-snippet:-1, max-image-preview:large, max-video-preview:-1\" \/>\n<meta property=\"og:locale\" content=\"pt_PT\" \/>\n<meta property=\"og:type\" content=\"article\" \/>\n<meta property=\"og:title\" content=\"ESCAPE HUNT LISBON - Lisbon\" \/>\n<meta property=\"og:description\" content=\"Encontra-nos na Baixa, no cora\u00e7\u00e3o de Lisboa &nbsp; DE METRO As esta\u00e7\u00f5es de metro mais pr\u00f3ximas s\u00e3o a Baixa-Chiado (Linhas Verde e Azul), o Terreiro do Pa\u00e7o (Linha Azul) ou&hellip;\" \/>\n<meta property=\"og:url\" content=\"https:\/\/escapehunt.com\/pt\/lisbon\/escape-hunt-lisbon\/\" \/>\n<meta property=\"og:site_name\" content=\"Lisbon\" \/>\n<meta property=\"article:modified_time\" content=\"2020-05-20T12:51:52+00:00\" \/>\n<meta name=\"twitter:card\" content=\"summary_large_image\" \/>\n<script type=\"application\/ld+json\" class=\"yoast-schema-graph\">{\"@context\":\"https:\\\/\\\/schema.org\",\"@graph\":[{\"@type\":\"WebPage\",\"@id\":\"https:\\\/\\\/escapehunt.com\\\/pt\\\/lisbon\\\/escape-hunt-lisbon\\\/\",\"url\":\"https:\\\/\\\/escapehunt.com\\\/pt\\\/lisbon\\\/escape-hunt-lisbon\\\/\",\"name\":\"ESCAPE HUNT LISBON - Lisbon\",\"isPartOf\":{\"@id\":\"https:\\\/\\\/escapehunt.com\\\/pt\\\/lisbon\\\/#website\"},\"datePublished\":\"2019-04-02T16:15:41+00:00\",\"dateModified\":\"2020-05-20T12:51:52+00:00\",\"breadcrumb\":{\"@id\":\"https:\\\/\\\/escapehunt.com\\\/pt\\\/lisbon\\\/escape-hunt-lisbon\\\/#breadcrumb\"},\"inLanguage\":\"pt-PT\",\"potentialAction\":[{\"@type\":\"ReadAction\",\"target\":[\"https:\\\/\\\/escapehunt.com\\\/pt\\\/lisbon\\\/escape-hunt-lisbon\\\/\"]}]},{\"@type\":\"BreadcrumbList\",\"@id\":\"https:\\\/\\\/escapehunt.com\\\/pt\\\/lisbon\\\/escape-hunt-lisbon\\\/#breadcrumb\",\"itemListElement\":[{\"@type\":\"ListItem\",\"position\":1,\"name\":\"Home\",\"item\":\"https:\\\/\\\/escapehunt.com\\\/pt\\\/lisbon\\\/\"},{\"@type\":\"ListItem\",\"position\":2,\"name\":\"ESCAPE HUNT LISBON\"}]},{\"@type\":\"WebSite\",\"@id\":\"https:\\\/\\\/escapehunt.com\\\/pt\\\/lisbon\\\/#website\",\"url\":\"https:\\\/\\\/escapehunt.com\\\/pt\\\/lisbon\\\/\",\"name\":\"Lisbon\",\"description\":\"Escape Hunt Lisbon - Lisbon&#039;s Most Exciting Escape Room Experience\",\"potentialAction\":[{\"@type\":\"SearchAction\",\"target\":{\"@type\":\"EntryPoint\",\"urlTemplate\":\"https:\\\/\\\/escapehunt.com\\\/pt\\\/lisbon\\\/?s={search_term_string}\"},\"query-input\":{\"@type\":\"PropertyValueSpecification\",\"valueRequired\":true,\"valueName\":\"search_term_string\"}}],\"inLanguage\":\"pt-PT\"}]}<\/script>\n<!-- \/ Yoast SEO plugin. -->","yoast_head_json":{"title":"ESCAPE HUNT LISBON - Lisbon","robots":{"index":"noindex","follow":"follow","max-snippet":"max-snippet:-1","max-image-preview":"max-image-preview:large","max-video-preview":"max-video-preview:-1"},"og_locale":"pt_PT","og_type":"article","og_title":"ESCAPE HUNT LISBON - Lisbon","og_description":"Encontra-nos na Baixa, no cora\u00e7\u00e3o de Lisboa &nbsp; DE METRO As esta\u00e7\u00f5es de metro mais pr\u00f3ximas s\u00e3o a Baixa-Chiado (Linhas Verde e Azul), o Terreiro do Pa\u00e7o (Linha Azul) ou&hellip;","og_url":"https:\/\/escapehunt.com\/pt\/lisbon\/escape-hunt-lisbon\/","og_site_name":"Lisbon","article_modified_time":"2020-05-20T12:51:52+00:00","twitter_card":"summary_large_image","schema":{"@context":"https:\/\/schema.org","@graph":[{"@type":"WebPage","@id":"https:\/\/escapehunt.com\/pt\/lisbon\/escape-hunt-lisbon\/","url":"https:\/\/escapehunt.com\/pt\/lisbon\/escape-hunt-lisbon\/","name":"ESCAPE HUNT LISBON - Lisbon","isPartOf":{"@id":"https:\/\/escapehunt.com\/pt\/lisbon\/#website"},"datePublished":"2019-04-02T16:15:41+00:00","dateModified":"2020-05-20T12:51:52+00:00","breadcrumb":{"@id":"https:\/\/escapehunt.com\/pt\/lisbon\/escape-hunt-lisbon\/#breadcrumb"},"inLanguage":"pt-PT","potentialAction":[{"@type":"ReadAction","target":["https:\/\/escapehunt.com\/pt\/lisbon\/escape-hunt-lisbon\/"]}]},{"@type":"BreadcrumbList","@id":"https:\/\/escapehunt.com\/pt\/lisbon\/escape-hunt-lisbon\/#breadcrumb","itemListElement":[{"@type":"ListItem","position":1,"name":"Home","item":"https:\/\/escapehunt.com\/pt\/lisbon\/"},{"@type":"ListItem","position":2,"name":"ESCAPE HUNT LISBON"}]},{"@type":"WebSite","@id":"https:\/\/escapehunt.com\/pt\/lisbon\/#website","url":"https:\/\/escapehunt.com\/pt\/lisbon\/","name":"Lisbon","description":"Escape Hunt Lisbon - Lisbon&#039;s Most Exciting Escape Room Experience","potentialAction":[{"@type":"SearchAction","target":{"@type":"EntryPoint","urlTemplate":"https:\/\/escapehunt.com\/pt\/lisbon\/?s={search_term_string}"},"query-input":{"@type":"PropertyValueSpecification","valueRequired":true,"valueName":"search_term_string"}}],"inLanguage":"pt-PT"}]}},"custom_schema_json":"","_links":{"self":[{"href":"https:\/\/staging3.escapehunt.com\/pt\/lisbon\/wp-json\/wp\/v2\/pages\/329","targetHints":{"allow":["GET"]}}],"collection":[{"href":"https:\/\/staging3.escapehunt.com\/pt\/lisbon\/wp-json\/wp\/v2\/pages"}],"about":[{"href":"https:\/\/staging3.escapehunt.com\/pt\/lisbon\/wp-json\/wp\/v2\/types\/page"}],"author":[{"embeddable":true,"href":"https:\/\/staging3.escapehunt.com\/pt\/lisbon\/wp-json\/wp\/v2\/users\/19"}],"replies":[{"embeddable":true,"href":"https:\/\/staging3.escapehunt.com\/pt\/lisbon\/wp-json\/wp\/v2\/comments?post=329"}],"version-history":[{"count":0,"href":"https:\/\/staging3.escapehunt.com\/pt\/lisbon\/wp-json\/wp\/v2\/pages\/329\/revisions"}],"wp:attachment":[{"href":"https:\/\/staging3.escapehunt.com\/pt\/lisbon\/wp-json\/wp\/v2\/media?parent=329"}],"curies":[{"name":"wp","href":"https:\/\/api.w.org\/{rel}","templated":true}]}}