{"id":341,"date":"2019-04-02T16:50:30","date_gmt":"2019-04-02T16:50:30","guid":{"rendered":"https:\/\/staging3.escapehunt.com\/pt\/lisbon\/?page_id=341"},"modified":"2021-03-29T16:47:17","modified_gmt":"2021-03-29T16:47:17","slug":"a-aventura-comeca-aqui","status":"publish","type":"page","link":"https:\/\/staging3.escapehunt.com\/pt\/lisbon\/a-aventura-comeca-aqui\/","title":{"rendered":"A AVENTURA COME\u00c7A AQUI"},"content":{"rendered":"<p>Uma emocionante experi\u00eancia online ou uma corajosa aventura numa sala tem\u00e1tica? A aventura come\u00e7a aqui. Estar\u00e1s preparado para Assaltar remotamente um museu de alta seguran\u00e7a para garantires uma transfer\u00eancia milion\u00e1ria? Ou queres viver a experi\u00eancia real, percorrendo uma viagem pelo imagin\u00e1rio do poeta mais famoso e encontrando os seus segredos, ou talvez viver um ritual de inicia\u00e7\u00e3o numa tenebrosa sociedade secreta? Tu decidides, virtual ou real, a experi\u00eancia ser\u00e1 sempre emocionante!<\/p>\n","protected":false},"excerpt":{"rendered":"<p>Uma emocionante experi\u00eancia online ou uma corajosa aventura numa sala tem\u00e1tica? A aventura come\u00e7a aqui. Estar\u00e1s preparado para Assaltar remotamente um museu de alta seguran\u00e7a para garantires uma transfer\u00eancia milion\u00e1ria?&hellip;<\/p>\n","protected":false},"author":19,"featured_media":0,"parent":0,"menu_order":32,"comment_status":"closed","ping_status":"closed","template":"views\/booking.php","meta":{"_acf_changed":false,"footnotes":""},"class_list":["post-341","page","type-page","status-publish","hentry"],"acf":{"custom_schema_json":""},"yoast_head":"<!-- This site is optimized with the Yoast SEO plugin v27.3 - https:\/\/yoast.com\/product\/yoast-seo-wordpress\/ -->\n<title>A AVENTURA COME\u00c7A AQUI - Lisbon<\/title>\n<meta name=\"robots\" content=\"noindex, follow, max-snippet:-1, max-image-preview:large, max-video-preview:-1\" \/>\n<meta property=\"og:locale\" content=\"pt_PT\" \/>\n<meta property=\"og:type\" content=\"article\" \/>\n<meta property=\"og:title\" content=\"A AVENTURA COME\u00c7A AQUI - Lisbon\" \/>\n<meta property=\"og:description\" content=\"Uma emocionante experi\u00eancia online ou uma corajosa aventura numa sala tem\u00e1tica? A aventura come\u00e7a aqui. Estar\u00e1s preparado para Assaltar remotamente um museu de alta seguran\u00e7a para garantires uma transfer\u00eancia milion\u00e1ria?&hellip;\" \/>\n<meta property=\"og:url\" content=\"https:\/\/escapehunt.com\/pt\/lisbon\/a-aventura-comeca-aqui\/\" \/>\n<meta property=\"og:site_name\" content=\"Lisbon\" \/>\n<meta property=\"article:modified_time\" content=\"2021-03-29T16:47:17+00:00\" \/>\n<meta name=\"twitter:card\" content=\"summary_large_image\" \/>\n<meta name=\"twitter:label1\" content=\"Tempo estimado de leitura\" \/>\n\t<meta name=\"twitter:data1\" content=\"1 minuto\" \/>\n<script type=\"application\/ld+json\" class=\"yoast-schema-graph\">{\"@context\":\"https:\\\/\\\/schema.org\",\"@graph\":[{\"@type\":\"WebPage\",\"@id\":\"https:\\\/\\\/escapehunt.com\\\/pt\\\/lisbon\\\/a-aventura-comeca-aqui\\\/\",\"url\":\"https:\\\/\\\/escapehunt.com\\\/pt\\\/lisbon\\\/a-aventura-comeca-aqui\\\/\",\"name\":\"A AVENTURA COME\u00c7A AQUI - Lisbon\",\"isPartOf\":{\"@id\":\"https:\\\/\\\/escapehunt.com\\\/pt\\\/lisbon\\\/#website\"},\"datePublished\":\"2019-04-02T16:50:30+00:00\",\"dateModified\":\"2021-03-29T16:47:17+00:00\",\"breadcrumb\":{\"@id\":\"https:\\\/\\\/escapehunt.com\\\/pt\\\/lisbon\\\/a-aventura-comeca-aqui\\\/#breadcrumb\"},\"inLanguage\":\"pt-PT\",\"potentialAction\":[{\"@type\":\"ReadAction\",\"target\":[\"https:\\\/\\\/escapehunt.com\\\/pt\\\/lisbon\\\/a-aventura-comeca-aqui\\\/\"]}]},{\"@type\":\"BreadcrumbList\",\"@id\":\"https:\\\/\\\/escapehunt.com\\\/pt\\\/lisbon\\\/a-aventura-comeca-aqui\\\/#breadcrumb\",\"itemListElement\":[{\"@type\":\"ListItem\",\"position\":1,\"name\":\"Home\",\"item\":\"https:\\\/\\\/escapehunt.com\\\/pt\\\/lisbon\\\/\"},{\"@type\":\"ListItem\",\"position\":2,\"name\":\"A AVENTURA COME\u00c7A AQUI\"}]},{\"@type\":\"WebSite\",\"@id\":\"https:\\\/\\\/escapehunt.com\\\/pt\\\/lisbon\\\/#website\",\"url\":\"https:\\\/\\\/escapehunt.com\\\/pt\\\/lisbon\\\/\",\"name\":\"Lisbon\",\"description\":\"Escape Hunt Lisbon - Lisbon&#039;s Most Exciting Escape Room Experience\",\"potentialAction\":[{\"@type\":\"SearchAction\",\"target\":{\"@type\":\"EntryPoint\",\"urlTemplate\":\"https:\\\/\\\/escapehunt.com\\\/pt\\\/lisbon\\\/?s={search_term_string}\"},\"query-input\":{\"@type\":\"PropertyValueSpecification\",\"valueRequired\":true,\"valueName\":\"search_term_string\"}}],\"inLanguage\":\"pt-PT\"}]}<\/script>\n<!-- \/ Yoast SEO plugin. -->","yoast_head_json":{"title":"A AVENTURA COME\u00c7A AQUI - Lisbon","robots":{"index":"noindex","follow":"follow","max-snippet":"max-snippet:-1","max-image-preview":"max-image-preview:large","max-video-preview":"max-video-preview:-1"},"og_locale":"pt_PT","og_type":"article","og_title":"A AVENTURA COME\u00c7A AQUI - Lisbon","og_description":"Uma emocionante experi\u00eancia online ou uma corajosa aventura numa sala tem\u00e1tica? A aventura come\u00e7a aqui. Estar\u00e1s preparado para Assaltar remotamente um museu de alta seguran\u00e7a para garantires uma transfer\u00eancia milion\u00e1ria?&hellip;","og_url":"https:\/\/escapehunt.com\/pt\/lisbon\/a-aventura-comeca-aqui\/","og_site_name":"Lisbon","article_modified_time":"2021-03-29T16:47:17+00:00","twitter_card":"summary_large_image","twitter_misc":{"Tempo estimado de leitura":"1 minuto"},"schema":{"@context":"https:\/\/schema.org","@graph":[{"@type":"WebPage","@id":"https:\/\/escapehunt.com\/pt\/lisbon\/a-aventura-comeca-aqui\/","url":"https:\/\/escapehunt.com\/pt\/lisbon\/a-aventura-comeca-aqui\/","name":"A AVENTURA COME\u00c7A AQUI - Lisbon","isPartOf":{"@id":"https:\/\/escapehunt.com\/pt\/lisbon\/#website"},"datePublished":"2019-04-02T16:50:30+00:00","dateModified":"2021-03-29T16:47:17+00:00","breadcrumb":{"@id":"https:\/\/escapehunt.com\/pt\/lisbon\/a-aventura-comeca-aqui\/#breadcrumb"},"inLanguage":"pt-PT","potentialAction":[{"@type":"ReadAction","target":["https:\/\/escapehunt.com\/pt\/lisbon\/a-aventura-comeca-aqui\/"]}]},{"@type":"BreadcrumbList","@id":"https:\/\/escapehunt.com\/pt\/lisbon\/a-aventura-comeca-aqui\/#breadcrumb","itemListElement":[{"@type":"ListItem","position":1,"name":"Home","item":"https:\/\/escapehunt.com\/pt\/lisbon\/"},{"@type":"ListItem","position":2,"name":"A AVENTURA COME\u00c7A AQUI"}]},{"@type":"WebSite","@id":"https:\/\/escapehunt.com\/pt\/lisbon\/#website","url":"https:\/\/escapehunt.com\/pt\/lisbon\/","name":"Lisbon","description":"Escape Hunt Lisbon - Lisbon&#039;s Most Exciting Escape Room Experience","potentialAction":[{"@type":"SearchAction","target":{"@type":"EntryPoint","urlTemplate":"https:\/\/escapehunt.com\/pt\/lisbon\/?s={search_term_string}"},"query-input":{"@type":"PropertyValueSpecification","valueRequired":true,"valueName":"search_term_string"}}],"inLanguage":"pt-PT"}]}},"custom_schema_json":"","_links":{"self":[{"href":"https:\/\/staging3.escapehunt.com\/pt\/lisbon\/wp-json\/wp\/v2\/pages\/341","targetHints":{"allow":["GET"]}}],"collection":[{"href":"https:\/\/staging3.escapehunt.com\/pt\/lisbon\/wp-json\/wp\/v2\/pages"}],"about":[{"href":"https:\/\/staging3.escapehunt.com\/pt\/lisbon\/wp-json\/wp\/v2\/types\/page"}],"author":[{"embeddable":true,"href":"https:\/\/staging3.escapehunt.com\/pt\/lisbon\/wp-json\/wp\/v2\/users\/19"}],"replies":[{"embeddable":true,"href":"https:\/\/staging3.escapehunt.com\/pt\/lisbon\/wp-json\/wp\/v2\/comments?post=341"}],"version-history":[{"count":0,"href":"https:\/\/staging3.escapehunt.com\/pt\/lisbon\/wp-json\/wp\/v2\/pages\/341\/revisions"}],"wp:attachment":[{"href":"https:\/\/staging3.escapehunt.com\/pt\/lisbon\/wp-json\/wp\/v2\/media?parent=341"}],"curies":[{"name":"wp","href":"https:\/\/api.w.org\/{rel}","templated":true}]}}