{"id":344,"date":"2019-04-02T16:56:51","date_gmt":"2019-04-02T16:56:51","guid":{"rendered":"https:\/\/staging3.escapehunt.com\/pt\/lisbon\/?page_id=344"},"modified":"2021-03-19T17:10:12","modified_gmt":"2021-03-19T17:10:12","slug":"escolhe-a-tua-aventura","status":"publish","type":"page","link":"https:\/\/staging3.escapehunt.com\/pt\/lisbon\/escolhe-a-tua-aventura\/","title":{"rendered":"ESCOLHE A TUA AVENTURA"},"content":{"rendered":"<p>Experi\u00eancias emocionantes, onde tu e os teus colegas de equipa ir\u00e3o saltar para uma s\u00e9rie de novos mundos completando miss\u00f5es inovadoras. Trabalha em equipa para encontrar pistas, resolver enigmas e completar desafios antes que o tempo acabe.<\/p>\n","protected":false},"excerpt":{"rendered":"<p>Experi\u00eancias emocionantes, onde tu e os teus colegas de equipa ir\u00e3o saltar para uma s\u00e9rie de novos mundos completando miss\u00f5es inovadoras. Trabalha em equipa para encontrar pistas, resolver enigmas e&hellip;<\/p>\n","protected":false},"author":19,"featured_media":0,"parent":0,"menu_order":33,"comment_status":"closed","ping_status":"closed","template":"views\/games-multi-filter.php","meta":{"_acf_changed":false,"footnotes":""},"class_list":["post-344","page","type-page","status-publish","hentry"],"acf":{"custom_schema_json":""},"yoast_head":"<!-- This site is optimized with the Yoast SEO plugin v27.3 - https:\/\/yoast.com\/product\/yoast-seo-wordpress\/ -->\n<title>ESCOLHE A TUA AVENTURA - Lisbon<\/title>\n<meta name=\"robots\" content=\"noindex, follow, max-snippet:-1, max-image-preview:large, max-video-preview:-1\" \/>\n<meta property=\"og:locale\" content=\"pt_PT\" \/>\n<meta property=\"og:type\" content=\"article\" \/>\n<meta property=\"og:title\" content=\"ESCOLHE A TUA AVENTURA - Lisbon\" \/>\n<meta property=\"og:description\" content=\"Experi\u00eancias emocionantes, onde tu e os teus colegas de equipa ir\u00e3o saltar para uma s\u00e9rie de novos mundos completando miss\u00f5es inovadoras. Trabalha em equipa para encontrar pistas, resolver enigmas e&hellip;\" \/>\n<meta property=\"og:url\" content=\"https:\/\/escapehunt.com\/pt\/lisbon\/escolhe-a-tua-aventura\/\" \/>\n<meta property=\"og:site_name\" content=\"Lisbon\" \/>\n<meta property=\"article:modified_time\" content=\"2021-03-19T17:10:12+00:00\" \/>\n<meta name=\"twitter:card\" content=\"summary_large_image\" \/>\n<script type=\"application\/ld+json\" class=\"yoast-schema-graph\">{\"@context\":\"https:\\\/\\\/schema.org\",\"@graph\":[{\"@type\":\"WebPage\",\"@id\":\"https:\\\/\\\/escapehunt.com\\\/pt\\\/lisbon\\\/escolhe-a-tua-aventura\\\/\",\"url\":\"https:\\\/\\\/escapehunt.com\\\/pt\\\/lisbon\\\/escolhe-a-tua-aventura\\\/\",\"name\":\"ESCOLHE A TUA AVENTURA - Lisbon\",\"isPartOf\":{\"@id\":\"https:\\\/\\\/escapehunt.com\\\/pt\\\/lisbon\\\/#website\"},\"datePublished\":\"2019-04-02T16:56:51+00:00\",\"dateModified\":\"2021-03-19T17:10:12+00:00\",\"breadcrumb\":{\"@id\":\"https:\\\/\\\/escapehunt.com\\\/pt\\\/lisbon\\\/escolhe-a-tua-aventura\\\/#breadcrumb\"},\"inLanguage\":\"pt-PT\",\"potentialAction\":[{\"@type\":\"ReadAction\",\"target\":[\"https:\\\/\\\/escapehunt.com\\\/pt\\\/lisbon\\\/escolhe-a-tua-aventura\\\/\"]}]},{\"@type\":\"BreadcrumbList\",\"@id\":\"https:\\\/\\\/escapehunt.com\\\/pt\\\/lisbon\\\/escolhe-a-tua-aventura\\\/#breadcrumb\",\"itemListElement\":[{\"@type\":\"ListItem\",\"position\":1,\"name\":\"Home\",\"item\":\"https:\\\/\\\/escapehunt.com\\\/pt\\\/lisbon\\\/\"},{\"@type\":\"ListItem\",\"position\":2,\"name\":\"ESCOLHE A TUA AVENTURA\"}]},{\"@type\":\"WebSite\",\"@id\":\"https:\\\/\\\/escapehunt.com\\\/pt\\\/lisbon\\\/#website\",\"url\":\"https:\\\/\\\/escapehunt.com\\\/pt\\\/lisbon\\\/\",\"name\":\"Lisbon\",\"description\":\"Escape Hunt Lisbon - Lisbon&#039;s Most Exciting Escape Room Experience\",\"potentialAction\":[{\"@type\":\"SearchAction\",\"target\":{\"@type\":\"EntryPoint\",\"urlTemplate\":\"https:\\\/\\\/escapehunt.com\\\/pt\\\/lisbon\\\/?s={search_term_string}\"},\"query-input\":{\"@type\":\"PropertyValueSpecification\",\"valueRequired\":true,\"valueName\":\"search_term_string\"}}],\"inLanguage\":\"pt-PT\"}]}<\/script>\n<!-- \/ Yoast SEO plugin. -->","yoast_head_json":{"title":"ESCOLHE A TUA AVENTURA - Lisbon","robots":{"index":"noindex","follow":"follow","max-snippet":"max-snippet:-1","max-image-preview":"max-image-preview:large","max-video-preview":"max-video-preview:-1"},"og_locale":"pt_PT","og_type":"article","og_title":"ESCOLHE A TUA AVENTURA - Lisbon","og_description":"Experi\u00eancias emocionantes, onde tu e os teus colegas de equipa ir\u00e3o saltar para uma s\u00e9rie de novos mundos completando miss\u00f5es inovadoras. Trabalha em equipa para encontrar pistas, resolver enigmas e&hellip;","og_url":"https:\/\/escapehunt.com\/pt\/lisbon\/escolhe-a-tua-aventura\/","og_site_name":"Lisbon","article_modified_time":"2021-03-19T17:10:12+00:00","twitter_card":"summary_large_image","schema":{"@context":"https:\/\/schema.org","@graph":[{"@type":"WebPage","@id":"https:\/\/escapehunt.com\/pt\/lisbon\/escolhe-a-tua-aventura\/","url":"https:\/\/escapehunt.com\/pt\/lisbon\/escolhe-a-tua-aventura\/","name":"ESCOLHE A TUA AVENTURA - Lisbon","isPartOf":{"@id":"https:\/\/escapehunt.com\/pt\/lisbon\/#website"},"datePublished":"2019-04-02T16:56:51+00:00","dateModified":"2021-03-19T17:10:12+00:00","breadcrumb":{"@id":"https:\/\/escapehunt.com\/pt\/lisbon\/escolhe-a-tua-aventura\/#breadcrumb"},"inLanguage":"pt-PT","potentialAction":[{"@type":"ReadAction","target":["https:\/\/escapehunt.com\/pt\/lisbon\/escolhe-a-tua-aventura\/"]}]},{"@type":"BreadcrumbList","@id":"https:\/\/escapehunt.com\/pt\/lisbon\/escolhe-a-tua-aventura\/#breadcrumb","itemListElement":[{"@type":"ListItem","position":1,"name":"Home","item":"https:\/\/escapehunt.com\/pt\/lisbon\/"},{"@type":"ListItem","position":2,"name":"ESCOLHE A TUA AVENTURA"}]},{"@type":"WebSite","@id":"https:\/\/escapehunt.com\/pt\/lisbon\/#website","url":"https:\/\/escapehunt.com\/pt\/lisbon\/","name":"Lisbon","description":"Escape Hunt Lisbon - Lisbon&#039;s Most Exciting Escape Room Experience","potentialAction":[{"@type":"SearchAction","target":{"@type":"EntryPoint","urlTemplate":"https:\/\/escapehunt.com\/pt\/lisbon\/?s={search_term_string}"},"query-input":{"@type":"PropertyValueSpecification","valueRequired":true,"valueName":"search_term_string"}}],"inLanguage":"pt-PT"}]}},"custom_schema_json":"","_links":{"self":[{"href":"https:\/\/staging3.escapehunt.com\/pt\/lisbon\/wp-json\/wp\/v2\/pages\/344","targetHints":{"allow":["GET"]}}],"collection":[{"href":"https:\/\/staging3.escapehunt.com\/pt\/lisbon\/wp-json\/wp\/v2\/pages"}],"about":[{"href":"https:\/\/staging3.escapehunt.com\/pt\/lisbon\/wp-json\/wp\/v2\/types\/page"}],"author":[{"embeddable":true,"href":"https:\/\/staging3.escapehunt.com\/pt\/lisbon\/wp-json\/wp\/v2\/users\/19"}],"replies":[{"embeddable":true,"href":"https:\/\/staging3.escapehunt.com\/pt\/lisbon\/wp-json\/wp\/v2\/comments?post=344"}],"version-history":[{"count":0,"href":"https:\/\/staging3.escapehunt.com\/pt\/lisbon\/wp-json\/wp\/v2\/pages\/344\/revisions"}],"wp:attachment":[{"href":"https:\/\/staging3.escapehunt.com\/pt\/lisbon\/wp-json\/wp\/v2\/media?parent=344"}],"curies":[{"name":"wp","href":"https:\/\/api.w.org\/{rel}","templated":true}]}}