{"id":973,"date":"2021-03-04T17:27:34","date_gmt":"2021-03-04T17:27:34","guid":{"rendered":"https:\/\/staging3.escapehunt.com\/pt\/lisbon\/the-adventure-starts-here\/"},"modified":"2024-07-12T09:29:32","modified_gmt":"2024-07-12T09:29:32","slug":"homepage","status":"publish","type":"page","link":"https:\/\/staging3.escapehunt.com\/pt\/lisbon\/","title":{"rendered":"A AVENTURA COME\u00c7A AQUI"},"content":{"rendered":"","protected":false},"excerpt":{"rendered":"","protected":false},"author":16,"featured_media":0,"parent":0,"menu_order":0,"comment_status":"closed","ping_status":"closed","template":"views\/landing-city.php","meta":{"_acf_changed":false,"footnotes":""},"class_list":["post-973","page","type-page","status-publish","hentry"],"acf":{"custom_schema_json":""},"yoast_head":"<!-- This site is optimized with the Yoast SEO plugin v27.3 - https:\/\/yoast.com\/product\/yoast-seo-wordpress\/ -->\n<title>Escape Room Lisboa | Escape Hunt<\/title>\n<meta name=\"description\" content=\"A aventura espera por ti nos emocionantes escape rooms do Escape Hunt. Prepara-te para estares no centro da ac\u00e7\u00e3o e mergulha num mundo de mist\u00e9rios.\" \/>\n<meta name=\"robots\" content=\"noindex, follow, max-snippet:-1, max-image-preview:large, max-video-preview:-1\" \/>\n<meta property=\"og:locale\" content=\"pt_PT\" \/>\n<meta property=\"og:type\" content=\"article\" \/>\n<meta property=\"og:title\" content=\"Escape Room Lisboa | Escape Hunt\" \/>\n<meta property=\"og:description\" content=\"A aventura espera por ti nos emocionantes escape rooms do Escape Hunt. Prepara-te para estares no centro da ac\u00e7\u00e3o e mergulha num mundo de mist\u00e9rios.\" \/>\n<meta property=\"og:url\" content=\"https:\/\/escapehunt.com\/pt\/lisbon\/\" \/>\n<meta property=\"og:site_name\" content=\"Lisbon\" \/>\n<meta property=\"article:modified_time\" content=\"2024-07-12T09:29:32+00:00\" \/>\n<meta name=\"twitter:card\" content=\"summary_large_image\" \/>\n<script type=\"application\/ld+json\" class=\"yoast-schema-graph\">{\"@context\":\"https:\\\/\\\/schema.org\",\"@graph\":[{\"@type\":\"WebPage\",\"@id\":\"https:\\\/\\\/escapehunt.com\\\/pt\\\/lisbon\\\/\",\"url\":\"https:\\\/\\\/escapehunt.com\\\/pt\\\/lisbon\\\/\",\"name\":\"Escape Room Lisboa | Escape Hunt\",\"isPartOf\":{\"@id\":\"https:\\\/\\\/escapehunt.com\\\/pt\\\/lisbon\\\/#website\"},\"datePublished\":\"2021-03-04T17:27:34+00:00\",\"dateModified\":\"2024-07-12T09:29:32+00:00\",\"description\":\"A aventura espera por ti nos emocionantes escape rooms do Escape Hunt. Prepara-te para estares no centro da ac\u00e7\u00e3o e mergulha num mundo de mist\u00e9rios.\",\"breadcrumb\":{\"@id\":\"https:\\\/\\\/escapehunt.com\\\/pt\\\/lisbon\\\/#breadcrumb\"},\"inLanguage\":\"pt-PT\",\"potentialAction\":[{\"@type\":\"ReadAction\",\"target\":[\"https:\\\/\\\/escapehunt.com\\\/pt\\\/lisbon\\\/\"]}]},{\"@type\":\"BreadcrumbList\",\"@id\":\"https:\\\/\\\/escapehunt.com\\\/pt\\\/lisbon\\\/#breadcrumb\",\"itemListElement\":[{\"@type\":\"ListItem\",\"position\":1,\"name\":\"Home\",\"item\":\"https:\\\/\\\/escapehunt.com\\\/pt\\\/lisbon\\\/\"},{\"@type\":\"ListItem\",\"position\":2,\"name\":\"A AVENTURA COME\u00c7A AQUI\"}]},{\"@type\":\"WebSite\",\"@id\":\"https:\\\/\\\/escapehunt.com\\\/pt\\\/lisbon\\\/#website\",\"url\":\"https:\\\/\\\/escapehunt.com\\\/pt\\\/lisbon\\\/\",\"name\":\"Lisbon\",\"description\":\"Escape Hunt Lisbon - Lisbon&#039;s Most Exciting Escape Room Experience\",\"potentialAction\":[{\"@type\":\"SearchAction\",\"target\":{\"@type\":\"EntryPoint\",\"urlTemplate\":\"https:\\\/\\\/escapehunt.com\\\/pt\\\/lisbon\\\/?s={search_term_string}\"},\"query-input\":{\"@type\":\"PropertyValueSpecification\",\"valueRequired\":true,\"valueName\":\"search_term_string\"}}],\"inLanguage\":\"pt-PT\"}]}<\/script>\n<!-- \/ Yoast SEO plugin. -->","yoast_head_json":{"title":"Escape Room Lisboa | Escape Hunt","description":"A aventura espera por ti nos emocionantes escape rooms do Escape Hunt. Prepara-te para estares no centro da ac\u00e7\u00e3o e mergulha num mundo de mist\u00e9rios.","robots":{"index":"noindex","follow":"follow","max-snippet":"max-snippet:-1","max-image-preview":"max-image-preview:large","max-video-preview":"max-video-preview:-1"},"og_locale":"pt_PT","og_type":"article","og_title":"Escape Room Lisboa | Escape Hunt","og_description":"A aventura espera por ti nos emocionantes escape rooms do Escape Hunt. Prepara-te para estares no centro da ac\u00e7\u00e3o e mergulha num mundo de mist\u00e9rios.","og_url":"https:\/\/escapehunt.com\/pt\/lisbon\/","og_site_name":"Lisbon","article_modified_time":"2024-07-12T09:29:32+00:00","twitter_card":"summary_large_image","schema":{"@context":"https:\/\/schema.org","@graph":[{"@type":"WebPage","@id":"https:\/\/escapehunt.com\/pt\/lisbon\/","url":"https:\/\/escapehunt.com\/pt\/lisbon\/","name":"Escape Room Lisboa | Escape Hunt","isPartOf":{"@id":"https:\/\/escapehunt.com\/pt\/lisbon\/#website"},"datePublished":"2021-03-04T17:27:34+00:00","dateModified":"2024-07-12T09:29:32+00:00","description":"A aventura espera por ti nos emocionantes escape rooms do Escape Hunt. Prepara-te para estares no centro da ac\u00e7\u00e3o e mergulha num mundo de mist\u00e9rios.","breadcrumb":{"@id":"https:\/\/escapehunt.com\/pt\/lisbon\/#breadcrumb"},"inLanguage":"pt-PT","potentialAction":[{"@type":"ReadAction","target":["https:\/\/escapehunt.com\/pt\/lisbon\/"]}]},{"@type":"BreadcrumbList","@id":"https:\/\/escapehunt.com\/pt\/lisbon\/#breadcrumb","itemListElement":[{"@type":"ListItem","position":1,"name":"Home","item":"https:\/\/escapehunt.com\/pt\/lisbon\/"},{"@type":"ListItem","position":2,"name":"A AVENTURA COME\u00c7A AQUI"}]},{"@type":"WebSite","@id":"https:\/\/escapehunt.com\/pt\/lisbon\/#website","url":"https:\/\/escapehunt.com\/pt\/lisbon\/","name":"Lisbon","description":"Escape Hunt Lisbon - Lisbon&#039;s Most Exciting Escape Room Experience","potentialAction":[{"@type":"SearchAction","target":{"@type":"EntryPoint","urlTemplate":"https:\/\/escapehunt.com\/pt\/lisbon\/?s={search_term_string}"},"query-input":{"@type":"PropertyValueSpecification","valueRequired":true,"valueName":"search_term_string"}}],"inLanguage":"pt-PT"}]}},"custom_schema_json":"","_links":{"self":[{"href":"https:\/\/staging3.escapehunt.com\/pt\/lisbon\/wp-json\/wp\/v2\/pages\/973","targetHints":{"allow":["GET"]}}],"collection":[{"href":"https:\/\/staging3.escapehunt.com\/pt\/lisbon\/wp-json\/wp\/v2\/pages"}],"about":[{"href":"https:\/\/staging3.escapehunt.com\/pt\/lisbon\/wp-json\/wp\/v2\/types\/page"}],"author":[{"embeddable":true,"href":"https:\/\/staging3.escapehunt.com\/pt\/lisbon\/wp-json\/wp\/v2\/users\/16"}],"replies":[{"embeddable":true,"href":"https:\/\/staging3.escapehunt.com\/pt\/lisbon\/wp-json\/wp\/v2\/comments?post=973"}],"version-history":[{"count":0,"href":"https:\/\/staging3.escapehunt.com\/pt\/lisbon\/wp-json\/wp\/v2\/pages\/973\/revisions"}],"wp:attachment":[{"href":"https:\/\/staging3.escapehunt.com\/pt\/lisbon\/wp-json\/wp\/v2\/media?parent=973"}],"curies":[{"name":"wp","href":"https:\/\/api.w.org\/{rel}","templated":true}]}}