{"id":25,"date":"2018-08-24T09:43:10","date_gmt":"2018-08-24T09:43:10","guid":{"rendered":"http:\/\/s27835.p712.sites.pressdns.com\/au\/melbourne\/?page_id=8&#038;lang=en"},"modified":"2024-02-22T17:35:48","modified_gmt":"2024-02-22T17:35:48","slug":"find-us","status":"publish","type":"page","link":"https:\/\/staging3.escapehunt.com\/pt\/porto\/en\/find-us\/","title":{"rendered":"ESCAPE HUNT PORTO"},"content":{"rendered":"<p><b>DIRECTIONS:<br \/>\n<\/b> Pra\u00e7a da Batalha \u2013 then walk down Rua Alexandre Herculano until number 251.<\/p>\n<p>&nbsp;<\/p>\n<p><b>BUS:<\/b><\/p>\n<p>305; 400 ; 500 ; 601 ; 700 ; 702<\/p>\n<p>&nbsp;<\/p>\n<p><b>METRO:<\/b><\/p>\n<p>Esta\u00e7\u00e3o S\u00e3o Bento. Then make your way to Pra\u00e7a da Batalha and walk down Rua Alexandre Herculano.<\/p>\n<p>&nbsp;<\/p>\n<p><b>TRAIN:<\/b><\/p>\n<p>Esta\u00e7\u00e3o S\u00e3o Bento. Then make your way to Pra\u00e7a da Batalha and walk down Rua Alexandre Herculano.<\/p>\n","protected":false},"excerpt":{"rendered":"<p>DIRECTIONS: Pra\u00e7a da Batalha \u2013 then walk down Rua Alexandre Herculano until number 251. &nbsp; BUS: 305; 400 ; 500 ; 601 ; 700 ; 702 &nbsp; METRO: Esta\u00e7\u00e3o S\u00e3o&hellip;<\/p>\n","protected":false},"author":6,"featured_media":0,"parent":0,"menu_order":27,"comment_status":"closed","ping_status":"closed","template":"views\/find-us.php","meta":{"_acf_changed":false,"footnotes":""},"class_list":["post-25","page","type-page","status-publish","hentry"],"acf":{"custom_schema_json":""},"yoast_head":"<!-- This site is optimized with the Yoast SEO plugin v27.3 - https:\/\/yoast.com\/product\/yoast-seo-wordpress\/ -->\n<title>Find Us | Escape Hunt Porto<\/title>\n<meta name=\"description\" content=\"Find Escape Hunt Porto. See a map, directions and more information for your visit to Escape Hunt Porto.\" \/>\n<meta name=\"robots\" content=\"noindex, follow, max-snippet:-1, max-image-preview:large, max-video-preview:-1\" \/>\n<meta property=\"og:locale\" content=\"en_US\" \/>\n<meta property=\"og:type\" content=\"article\" \/>\n<meta property=\"og:title\" content=\"Find Us | Escape Hunt Porto\" \/>\n<meta property=\"og:description\" content=\"Find Escape Hunt Porto. See a map, directions and more information for your visit to Escape Hunt Porto.\" \/>\n<meta property=\"og:url\" content=\"https:\/\/escapehunt.com\/pt\/porto\/en\/find-us\/\" \/>\n<meta property=\"og:site_name\" content=\"Porto\" \/>\n<meta property=\"article:modified_time\" content=\"2024-02-22T17:35:48+00:00\" \/>\n<meta name=\"twitter:card\" content=\"summary_large_image\" \/>\n<meta name=\"twitter:label1\" content=\"Est. reading time\" \/>\n\t<meta name=\"twitter:data1\" content=\"1 minute\" \/>\n<script type=\"application\/ld+json\" class=\"yoast-schema-graph\">{\"@context\":\"https:\\\/\\\/schema.org\",\"@graph\":[{\"@type\":\"WebPage\",\"@id\":\"https:\\\/\\\/escapehunt.com\\\/pt\\\/porto\\\/en\\\/find-us\\\/\",\"url\":\"https:\\\/\\\/escapehunt.com\\\/pt\\\/porto\\\/en\\\/find-us\\\/\",\"name\":\"Find Us | Escape Hunt Porto\",\"isPartOf\":{\"@id\":\"https:\\\/\\\/escapehunt.com\\\/pt\\\/porto\\\/#website\"},\"datePublished\":\"2018-08-24T09:43:10+00:00\",\"dateModified\":\"2024-02-22T17:35:48+00:00\",\"description\":\"Find Escape Hunt Porto. See a map, directions and more information for your visit to Escape Hunt Porto.\",\"breadcrumb\":{\"@id\":\"https:\\\/\\\/escapehunt.com\\\/pt\\\/porto\\\/en\\\/find-us\\\/#breadcrumb\"},\"inLanguage\":\"en-US\",\"potentialAction\":[{\"@type\":\"ReadAction\",\"target\":[\"https:\\\/\\\/escapehunt.com\\\/pt\\\/porto\\\/en\\\/find-us\\\/\"]}]},{\"@type\":\"BreadcrumbList\",\"@id\":\"https:\\\/\\\/escapehunt.com\\\/pt\\\/porto\\\/en\\\/find-us\\\/#breadcrumb\",\"itemListElement\":[{\"@type\":\"ListItem\",\"position\":1,\"name\":\"Home\",\"item\":\"https:\\\/\\\/escapehunt.com\\\/pt\\\/porto\\\/en\\\/\"},{\"@type\":\"ListItem\",\"position\":2,\"name\":\"ESCAPE HUNT PORTO\"}]},{\"@type\":\"WebSite\",\"@id\":\"https:\\\/\\\/escapehunt.com\\\/pt\\\/porto\\\/#website\",\"url\":\"https:\\\/\\\/escapehunt.com\\\/pt\\\/porto\\\/\",\"name\":\"Porto\",\"description\":\"Escape Hunt Lisbon - Lisbon&#039;s Most Exciting Escape Room Experience\",\"potentialAction\":[{\"@type\":\"SearchAction\",\"target\":{\"@type\":\"EntryPoint\",\"urlTemplate\":\"https:\\\/\\\/escapehunt.com\\\/pt\\\/porto\\\/?s={search_term_string}\"},\"query-input\":{\"@type\":\"PropertyValueSpecification\",\"valueRequired\":true,\"valueName\":\"search_term_string\"}}],\"inLanguage\":\"en-US\"}]}<\/script>\n<!-- \/ Yoast SEO plugin. -->","yoast_head_json":{"title":"Find Us | Escape Hunt Porto","description":"Find Escape Hunt Porto. See a map, directions and more information for your visit to Escape Hunt Porto.","robots":{"index":"noindex","follow":"follow","max-snippet":"max-snippet:-1","max-image-preview":"max-image-preview:large","max-video-preview":"max-video-preview:-1"},"og_locale":"en_US","og_type":"article","og_title":"Find Us | Escape Hunt Porto","og_description":"Find Escape Hunt Porto. See a map, directions and more information for your visit to Escape Hunt Porto.","og_url":"https:\/\/escapehunt.com\/pt\/porto\/en\/find-us\/","og_site_name":"Porto","article_modified_time":"2024-02-22T17:35:48+00:00","twitter_card":"summary_large_image","twitter_misc":{"Est. reading time":"1 minute"},"schema":{"@context":"https:\/\/schema.org","@graph":[{"@type":"WebPage","@id":"https:\/\/escapehunt.com\/pt\/porto\/en\/find-us\/","url":"https:\/\/escapehunt.com\/pt\/porto\/en\/find-us\/","name":"Find Us | Escape Hunt Porto","isPartOf":{"@id":"https:\/\/escapehunt.com\/pt\/porto\/#website"},"datePublished":"2018-08-24T09:43:10+00:00","dateModified":"2024-02-22T17:35:48+00:00","description":"Find Escape Hunt Porto. See a map, directions and more information for your visit to Escape Hunt Porto.","breadcrumb":{"@id":"https:\/\/escapehunt.com\/pt\/porto\/en\/find-us\/#breadcrumb"},"inLanguage":"en-US","potentialAction":[{"@type":"ReadAction","target":["https:\/\/escapehunt.com\/pt\/porto\/en\/find-us\/"]}]},{"@type":"BreadcrumbList","@id":"https:\/\/escapehunt.com\/pt\/porto\/en\/find-us\/#breadcrumb","itemListElement":[{"@type":"ListItem","position":1,"name":"Home","item":"https:\/\/escapehunt.com\/pt\/porto\/en\/"},{"@type":"ListItem","position":2,"name":"ESCAPE HUNT PORTO"}]},{"@type":"WebSite","@id":"https:\/\/escapehunt.com\/pt\/porto\/#website","url":"https:\/\/escapehunt.com\/pt\/porto\/","name":"Porto","description":"Escape Hunt Lisbon - Lisbon&#039;s Most Exciting Escape Room Experience","potentialAction":[{"@type":"SearchAction","target":{"@type":"EntryPoint","urlTemplate":"https:\/\/escapehunt.com\/pt\/porto\/?s={search_term_string}"},"query-input":{"@type":"PropertyValueSpecification","valueRequired":true,"valueName":"search_term_string"}}],"inLanguage":"en-US"}]}},"custom_schema_json":"","_links":{"self":[{"href":"https:\/\/staging3.escapehunt.com\/pt\/porto\/en\/wp-json\/wp\/v2\/pages\/25","targetHints":{"allow":["GET"]}}],"collection":[{"href":"https:\/\/staging3.escapehunt.com\/pt\/porto\/en\/wp-json\/wp\/v2\/pages"}],"about":[{"href":"https:\/\/staging3.escapehunt.com\/pt\/porto\/en\/wp-json\/wp\/v2\/types\/page"}],"author":[{"embeddable":true,"href":"https:\/\/staging3.escapehunt.com\/pt\/porto\/en\/wp-json\/wp\/v2\/users\/6"}],"replies":[{"embeddable":true,"href":"https:\/\/staging3.escapehunt.com\/pt\/porto\/en\/wp-json\/wp\/v2\/comments?post=25"}],"version-history":[{"count":0,"href":"https:\/\/staging3.escapehunt.com\/pt\/porto\/en\/wp-json\/wp\/v2\/pages\/25\/revisions"}],"wp:attachment":[{"href":"https:\/\/staging3.escapehunt.com\/pt\/porto\/en\/wp-json\/wp\/v2\/media?parent=25"}],"curies":[{"name":"wp","href":"https:\/\/api.w.org\/{rel}","templated":true}]}}