{"id":693,"date":"2019-06-18T10:26:47","date_gmt":"2019-06-18T10:26:47","guid":{"rendered":"https:\/\/staging3.escapehunt.com\/pt\/lisbon\/?page_id=693"},"modified":"2024-02-22T18:30:56","modified_gmt":"2024-02-22T18:30:56","slug":"contacta-nos","status":"publish","type":"page","link":"https:\/\/staging3.escapehunt.com\/pt\/porto\/contacta-nos\/","title":{"rendered":"CONTACTA-NOS"},"content":{"rendered":"<p>R. de Alexandre Herculano 251, 4000-053 Porto | <a href=\"tel:+351 912562190\">+351 912562190<\/a> | <a href=\"mailto:porto@escapehunt.com\">porto@escapehunt.com<\/a><\/p>\n<p>A tua d\u00favida escapou-nos?<\/p>\n<p>Se a sua pergunta ainda n\u00e3o tiver sido respondida nas nossas <a href=\"https:\/\/staging3.escapehunt.com\/pt\/lisbon\/perguntas-frequentes\/\">FAQs<\/a>, deixa-nos por favor uma mensagem no formul\u00e1rio abaixo e entraremos em contato contigo o mais breve poss\u00edvel.<\/p>\n\n<div class=\"wpcf7 no-js\" id=\"wpcf7-f692-o1\" lang=\"en-US\" dir=\"ltr\" data-wpcf7-id=\"692\">\n<div class=\"screen-reader-response\"><p role=\"status\" aria-live=\"polite\" aria-atomic=\"true\"><\/p> <ul><\/ul><\/div>\n<form action=\"\/pt\/porto\/wp-json\/wp\/v2\/pages\/693#wpcf7-f692-o1\" method=\"post\" class=\"wpcf7-form init\" aria-label=\"Contact form\" novalidate=\"novalidate\" data-status=\"init\">\n<fieldset class=\"hidden-fields-container\"><input type=\"hidden\" name=\"_wpcf7\" value=\"692\" \/><input type=\"hidden\" name=\"_wpcf7_version\" value=\"6.1.5\" \/><input type=\"hidden\" name=\"_wpcf7_locale\" value=\"en_US\" \/><input type=\"hidden\" name=\"_wpcf7_unit_tag\" value=\"wpcf7-f692-o1\" \/><input type=\"hidden\" name=\"_wpcf7_container_post\" value=\"0\" \/><input type=\"hidden\" name=\"_wpcf7_posted_data_hash\" value=\"\" \/>\n<\/fieldset>\n<p><label> Nome<br \/>\n<span class=\"wpcf7-form-control-wrap\" data-name=\"first-name\"><input size=\"40\" maxlength=\"400\" class=\"wpcf7-form-control wpcf7-text wpcf7-validates-as-required\" aria-required=\"true\" aria-invalid=\"false\" value=\"\" type=\"text\" name=\"first-name\" \/><\/span> <\/label>\n<\/p>\n<p><label> Email<br \/>\n<span class=\"wpcf7-form-control-wrap\" data-name=\"email\"><input size=\"40\" maxlength=\"400\" class=\"wpcf7-form-control wpcf7-email wpcf7-validates-as-required wpcf7-text wpcf7-validates-as-email\" aria-required=\"true\" aria-invalid=\"false\" value=\"\" type=\"email\" name=\"email\" \/><\/span> <\/label>\n<\/p>\n<p><label> Contacto telef\u00f3nico<br \/>\n<span class=\"wpcf7-form-control-wrap\" data-name=\"phone\"><input size=\"40\" maxlength=\"400\" class=\"wpcf7-form-control wpcf7-text wpcf7-validates-as-required\" aria-required=\"true\" aria-invalid=\"false\" value=\"\" type=\"text\" name=\"phone\" \/><\/span> <\/label>\n<\/p>\n<p><label> Team building, Eventos sociais ou Escape dinner<br \/>\n<span class=\"wpcf7-form-control-wrap\" data-name=\"radio-378\"><span class=\"wpcf7-form-control wpcf7-radio\"><span class=\"wpcf7-list-item first\"><label><input type=\"radio\" name=\"radio-378\" value=\"Team building\" checked=\"checked\" \/><span class=\"wpcf7-list-item-label\">Team building<\/span><\/label><\/span><span class=\"wpcf7-list-item\"><label><input type=\"radio\" name=\"radio-378\" value=\"Eventos sociais\" \/><span class=\"wpcf7-list-item-label\">Eventos sociais<\/span><\/label><\/span><span class=\"wpcf7-list-item last\"><label><input type=\"radio\" name=\"radio-378\" value=\"Escape dinner\" \/><span class=\"wpcf7-list-item-label\">Escape dinner<\/span><\/label><\/span><\/span><\/span> <\/label>\n<\/p>\n<p><label> Mensagem<br \/>\n<span class=\"wpcf7-form-control-wrap\" data-name=\"message\"><textarea cols=\"40\" rows=\"10\" maxlength=\"2000\" class=\"wpcf7-form-control wpcf7-textarea wpcf7-validates-as-required\" aria-required=\"true\" aria-invalid=\"false\" name=\"message\"><\/textarea><\/span> <\/label>\n<\/p>\n<p><label> <span class=\"wpcf7-form-control-wrap\" data-name=\"Yes\"><span class=\"wpcf7-form-control wpcf7-checkbox\"><span class=\"wpcf7-list-item first last\"><input type=\"checkbox\" name=\"Yes[]\" value=\"Clica aqui para receber novidades\" \/><span class=\"wpcf7-list-item-label\">Clica aqui para receber novidades<\/span><\/span><\/span><\/span>, ofertas e promo\u00e7\u00f5es do Escape Hunt por email. Para mais informa\u00e7\u00f5es sobre como usamos as suas informa\u00e7\u00f5es, leia nossa <a href='https:\/\/staging3.escapehunt.com\/pt\/lisbon\/politica-de-privacidade\/'>pol\u00edtica de privacidade<\/a>.<\/label>\n<\/p>\n<p><input class=\"wpcf7-form-control wpcf7-submit has-spinner button button--primary\" type=\"submit\" value=\"Inscreve-te\" \/>\n<\/p><div class=\"wpcf7-response-output\" aria-hidden=\"true\"><\/div>\n<\/form>\n<\/div>\n\n","protected":false},"excerpt":{"rendered":"<p>R. de Alexandre Herculano 251, 4000-053 Porto | +351 912562190 | porto@escapehunt.com A tua d\u00favida escapou-nos? Se a sua pergunta ainda n\u00e3o tiver sido respondida nas nossas FAQs, deixa-nos por&hellip;<\/p>\n","protected":false},"author":16,"featured_media":0,"parent":0,"menu_order":0,"comment_status":"closed","ping_status":"closed","template":"","meta":{"_acf_changed":false,"footnotes":""},"class_list":["post-693","page","type-page","status-publish","hentry"],"acf":{"custom_schema_json":""},"yoast_head":"<!-- This site is optimized with the Yoast SEO plugin v27.3 - https:\/\/yoast.com\/product\/yoast-seo-wordpress\/ -->\n<title>CONTACTA-NOS - Porto<\/title>\n<meta name=\"robots\" content=\"noindex, follow, max-snippet:-1, max-image-preview:large, max-video-preview:-1\" \/>\n<meta property=\"og:locale\" content=\"pt_PT\" \/>\n<meta property=\"og:type\" content=\"article\" \/>\n<meta property=\"og:title\" content=\"CONTACTA-NOS - Porto\" \/>\n<meta property=\"og:description\" content=\"R. de Alexandre Herculano 251, 4000-053 Porto | +351 912562190 | porto@escapehunt.com A tua d\u00favida escapou-nos? Se a sua pergunta ainda n\u00e3o tiver sido respondida nas nossas FAQs, deixa-nos por&hellip;\" \/>\n<meta property=\"og:url\" content=\"https:\/\/escapehunt.com\/pt\/porto\/contacta-nos\/\" \/>\n<meta property=\"og:site_name\" content=\"Porto\" \/>\n<meta property=\"article:modified_time\" content=\"2024-02-22T18:30:56+00:00\" \/>\n<meta name=\"twitter:card\" content=\"summary_large_image\" \/>\n<meta name=\"twitter:label1\" content=\"Tempo estimado de leitura\" \/>\n\t<meta name=\"twitter:data1\" content=\"1 minuto\" \/>\n<script type=\"application\/ld+json\" class=\"yoast-schema-graph\">{\"@context\":\"https:\\\/\\\/schema.org\",\"@graph\":[{\"@type\":\"WebPage\",\"@id\":\"https:\\\/\\\/escapehunt.com\\\/pt\\\/porto\\\/contacta-nos\\\/\",\"url\":\"https:\\\/\\\/escapehunt.com\\\/pt\\\/porto\\\/contacta-nos\\\/\",\"name\":\"CONTACTA-NOS - Porto\",\"isPartOf\":{\"@id\":\"https:\\\/\\\/escapehunt.com\\\/pt\\\/porto\\\/#website\"},\"datePublished\":\"2019-06-18T10:26:47+00:00\",\"dateModified\":\"2024-02-22T18:30:56+00:00\",\"breadcrumb\":{\"@id\":\"https:\\\/\\\/escapehunt.com\\\/pt\\\/porto\\\/contacta-nos\\\/#breadcrumb\"},\"inLanguage\":\"pt-PT\",\"potentialAction\":[{\"@type\":\"ReadAction\",\"target\":[\"https:\\\/\\\/escapehunt.com\\\/pt\\\/porto\\\/contacta-nos\\\/\"]}]},{\"@type\":\"BreadcrumbList\",\"@id\":\"https:\\\/\\\/escapehunt.com\\\/pt\\\/porto\\\/contacta-nos\\\/#breadcrumb\",\"itemListElement\":[{\"@type\":\"ListItem\",\"position\":1,\"name\":\"Home\",\"item\":\"https:\\\/\\\/escapehunt.com\\\/pt\\\/porto\\\/\"},{\"@type\":\"ListItem\",\"position\":2,\"name\":\"CONTACTA-NOS\"}]},{\"@type\":\"WebSite\",\"@id\":\"https:\\\/\\\/escapehunt.com\\\/pt\\\/porto\\\/#website\",\"url\":\"https:\\\/\\\/escapehunt.com\\\/pt\\\/porto\\\/\",\"name\":\"Porto\",\"description\":\"Escape Hunt Porto - Porto&#039;s Most Exciting Escape Room Experience\",\"potentialAction\":[{\"@type\":\"SearchAction\",\"target\":{\"@type\":\"EntryPoint\",\"urlTemplate\":\"https:\\\/\\\/escapehunt.com\\\/pt\\\/porto\\\/?s={search_term_string}\"},\"query-input\":{\"@type\":\"PropertyValueSpecification\",\"valueRequired\":true,\"valueName\":\"search_term_string\"}}],\"inLanguage\":\"pt-PT\"}]}<\/script>\n<!-- \/ Yoast SEO plugin. -->","yoast_head_json":{"title":"CONTACTA-NOS - Porto","robots":{"index":"noindex","follow":"follow","max-snippet":"max-snippet:-1","max-image-preview":"max-image-preview:large","max-video-preview":"max-video-preview:-1"},"og_locale":"pt_PT","og_type":"article","og_title":"CONTACTA-NOS - Porto","og_description":"R. de Alexandre Herculano 251, 4000-053 Porto | +351 912562190 | porto@escapehunt.com A tua d\u00favida escapou-nos? Se a sua pergunta ainda n\u00e3o tiver sido respondida nas nossas FAQs, deixa-nos por&hellip;","og_url":"https:\/\/escapehunt.com\/pt\/porto\/contacta-nos\/","og_site_name":"Porto","article_modified_time":"2024-02-22T18:30:56+00:00","twitter_card":"summary_large_image","twitter_misc":{"Tempo estimado de leitura":"1 minuto"},"schema":{"@context":"https:\/\/schema.org","@graph":[{"@type":"WebPage","@id":"https:\/\/escapehunt.com\/pt\/porto\/contacta-nos\/","url":"https:\/\/escapehunt.com\/pt\/porto\/contacta-nos\/","name":"CONTACTA-NOS - Porto","isPartOf":{"@id":"https:\/\/escapehunt.com\/pt\/porto\/#website"},"datePublished":"2019-06-18T10:26:47+00:00","dateModified":"2024-02-22T18:30:56+00:00","breadcrumb":{"@id":"https:\/\/escapehunt.com\/pt\/porto\/contacta-nos\/#breadcrumb"},"inLanguage":"pt-PT","potentialAction":[{"@type":"ReadAction","target":["https:\/\/escapehunt.com\/pt\/porto\/contacta-nos\/"]}]},{"@type":"BreadcrumbList","@id":"https:\/\/escapehunt.com\/pt\/porto\/contacta-nos\/#breadcrumb","itemListElement":[{"@type":"ListItem","position":1,"name":"Home","item":"https:\/\/escapehunt.com\/pt\/porto\/"},{"@type":"ListItem","position":2,"name":"CONTACTA-NOS"}]},{"@type":"WebSite","@id":"https:\/\/escapehunt.com\/pt\/porto\/#website","url":"https:\/\/escapehunt.com\/pt\/porto\/","name":"Porto","description":"Escape Hunt Porto - Porto&#039;s Most Exciting Escape Room Experience","potentialAction":[{"@type":"SearchAction","target":{"@type":"EntryPoint","urlTemplate":"https:\/\/escapehunt.com\/pt\/porto\/?s={search_term_string}"},"query-input":{"@type":"PropertyValueSpecification","valueRequired":true,"valueName":"search_term_string"}}],"inLanguage":"pt-PT"}]}},"custom_schema_json":"","_links":{"self":[{"href":"https:\/\/staging3.escapehunt.com\/pt\/porto\/wp-json\/wp\/v2\/pages\/693","targetHints":{"allow":["GET"]}}],"collection":[{"href":"https:\/\/staging3.escapehunt.com\/pt\/porto\/wp-json\/wp\/v2\/pages"}],"about":[{"href":"https:\/\/staging3.escapehunt.com\/pt\/porto\/wp-json\/wp\/v2\/types\/page"}],"author":[{"embeddable":true,"href":"https:\/\/staging3.escapehunt.com\/pt\/porto\/wp-json\/wp\/v2\/users\/16"}],"replies":[{"embeddable":true,"href":"https:\/\/staging3.escapehunt.com\/pt\/porto\/wp-json\/wp\/v2\/comments?post=693"}],"version-history":[{"count":0,"href":"https:\/\/staging3.escapehunt.com\/pt\/porto\/wp-json\/wp\/v2\/pages\/693\/revisions"}],"wp:attachment":[{"href":"https:\/\/staging3.escapehunt.com\/pt\/porto\/wp-json\/wp\/v2\/media?parent=693"}],"curies":[{"name":"wp","href":"https:\/\/api.w.org\/{rel}","templated":true}]}}